{"id":8235,"date":"2017-06-06T09:56:18","date_gmt":"2017-06-06T12:56:18","guid":{"rendered":"https:\/\/fasterm.com.br\/dudas\/"},"modified":"2022-10-26T09:20:44","modified_gmt":"2022-10-26T12:20:44","slug":"dudas","status":"publish","type":"page","link":"https:\/\/fasterm.com.br\/es\/dudas\/","title":{"rendered":"Preguntas"},"content":{"rendered":"\n<style type=\"text\/css\" data-created_by=\"avia_inline_auto\" id=\"style-css-av-2iy4xf-58e6ef3f5a0f7895666d2b51f1b4bc14\">\n.avia-section.av-2iy4xf-58e6ef3f5a0f7895666d2b51f1b4bc14{\nbackground-repeat:no-repeat;\nbackground-image:url(https:\/\/fasterm.com.br\/wp-content\/uploads\/2021\/10\/duvidas-sobre-a-Fasterm.jpg);\nbackground-position:50% 50%;\nbackground-attachment:scroll;\n}\n<\/style>\n<div id='header-empty-section'  class='avia-section av-2iy4xf-58e6ef3f5a0f7895666d2b51f1b4bc14 main_color avia-section-default avia-no-border-styling  avia-builder-el-0  el_before_av_heading  avia-builder-el-first  avia-bg-style-scroll av-minimum-height av-minimum-height-custom av-height-custom  container_wrap sidebar_right'  data-section-bg-repeat='no-repeat' data-av_minimum_height_px='220'><div class='container av-section-cont-open' style='height:220px'><main  role=\"main\" itemprop=\"mainContentOfPage\"  class='template-page content  av-content-small alpha units'><div class='post-entry post-entry-type-page post-entry-8235'><div class='entry-content-wrapper clearfix'><\/div><\/div><\/main><!-- close content main element --><\/div><\/div><div id='after_section_1'  class='main_color av_default_container_wrap container_wrap sidebar_right'  ><div class='container av-section-cont-open' ><div class='template-page content  av-content-small alpha units'><div class='post-entry post-entry-type-page post-entry-8235'><div class='entry-content-wrapper clearfix'>\n\n<style type=\"text\/css\" data-created_by=\"avia_inline_auto\" id=\"style-css-av-2fvhwj-332c647f330bbcc06c42da203c2d7cce\">\n#top .av-special-heading.av-2fvhwj-332c647f330bbcc06c42da203c2d7cce{\npadding-bottom:10px;\n}\nbody .av-special-heading.av-2fvhwj-332c647f330bbcc06c42da203c2d7cce .av-special-heading-tag .heading-char{\nfont-size:25px;\n}\n.av-special-heading.av-2fvhwj-332c647f330bbcc06c42da203c2d7cce .av-subheading{\nfont-size:15px;\n}\n<\/style>\n<div  class='av-special-heading av-2fvhwj-332c647f330bbcc06c42da203c2d7cce av-special-heading-h1 blockquote modern-quote modern-centered  avia-builder-el-1  el_after_av_section  el_before_av_textblock  avia-builder-el-first '><h1 class='av-special-heading-tag '  itemprop=\"headline\"  >Preguntas<\/h1><div class=\"special-heading-border\"><div class=\"special-heading-inner-border\"><\/div><\/div><\/div>\n<section  class='av_textblock_section av-26ltk3-52f6f939053ab1b460b0ca4477cf2422 '   itemscope=\"itemscope\" itemtype=\"https:\/\/schema.org\/CreativeWork\" ><div class='avia_textblock'  itemprop=\"text\" ><p>Encuentre aqu\u00ed las respuestas a sus principales preguntas, relacionadas con la soluci\u00f3n Fasterm para el calentamiento del agua del ba\u00f1o para hoteles, moteles, hospitales y condominios. Si no encuentra la respuesta a una pregunta, <a href=\"https:\/\/www.fasterm.com.br\/contato\/\">p\u00f3ngase en contacto con<\/a> nosotros, estaremos encantados de ayudarle.<\/p>\n<\/div><\/section>\n<div  class='togglecontainer av-22zkij-81f22e3afe0a796ea26d20c5a3b65a84  avia-builder-el-3  el_after_av_textblock  el_before_av_section  avia-builder-el-last  toggle_close_all' >\n<section class='av_toggle_section av-1ud7ob-4cdbfd73fd1cdd29a8cfd5526c2ea20e'  itemscope=\"itemscope\" itemtype=\"https:\/\/schema.org\/CreativeWork\" ><div role=\"tablist\" class=\"single_toggle\" data-tags=\"{All} \"  ><p id='toggle-toggle-id-1' data-fake-id='#toggle-id-1' class='toggler  activeTitle av-title-above '  itemprop=\"headline\"  role='tab' tabindex='0' aria-controls='toggle-id-1' data-slide-speed=\"200\" data-title=\"\u00bftengo que retirar mi equipo actual?\" data-title-open=\"\" data-aria_collapsed=\"Click to expand: \u00bftengo que retirar mi equipo actual?\" data-aria_expanded=\"Click to collapse: \u00bftengo que retirar mi equipo actual?\">\u00bftengo que retirar mi equipo actual?<span class=\"toggle_icon\"><span class=\"vert_icon\"><\/span><span class=\"hor_icon\"><\/span><\/span><\/p><div id='toggle-id-1' aria-labelledby='toggle-toggle-id-1' role='region' class='toggle_wrap  active_tc av-title-above' style='display:block;' ><div class='toggle_content invers-color '  itemprop=\"text\" ><p>No, el equipo ha sido desarrollado para adaptarse al sistema existente, facilitando la instalaci\u00f3n y garantizando a\u00fan m\u00e1s la calefacci\u00f3n, ya que el sistema actual puede servir de respaldo.<\/p>\n<\/div><\/div><\/div><\/section>\n<section class='av_toggle_section av-1rke1n-5ced024312908e2735656ebf16353f89'  itemscope=\"itemscope\" itemtype=\"https:\/\/schema.org\/CreativeWork\" ><div role=\"tablist\" class=\"single_toggle\" data-tags=\"{All} \"  ><p id='toggle-toggle-id-2' data-fake-id='#toggle-id-2' class='toggler  av-title-above '  itemprop=\"headline\"  role='tab' tabindex='0' aria-controls='toggle-id-2' data-slide-speed=\"200\" data-title=\"\u00bfnecesito una obra grande para instalar un fasterm?\" data-title-open=\"\" data-aria_collapsed=\"Click to expand: \u00bfnecesito una obra grande para instalar un fasterm?\" data-aria_expanded=\"Click to collapse: \u00bfnecesito una obra grande para instalar un fasterm?\">\u00bfnecesito una obra grande para instalar un fasterm?<span class=\"toggle_icon\"><span class=\"vert_icon\"><\/span><span class=\"hor_icon\"><\/span><\/span><\/p><div id='toggle-id-2' aria-labelledby='toggle-toggle-id-2' role='region' class='toggle_wrap  av-title-above'  ><div class='toggle_content invers-color '  itemprop=\"text\" ><p>No, los equipos est\u00e1n dise\u00f1ados para que el proyecto de instalaci\u00f3n se adapte a las necesidades de cada lugar.<\/p>\n<\/div><\/div><\/div><\/section>\n<section class='av_toggle_section av-1l68jv-6b2a8ab1d51749c92363597575694034'  itemscope=\"itemscope\" itemtype=\"https:\/\/schema.org\/CreativeWork\" ><div role=\"tablist\" class=\"single_toggle\" data-tags=\"{All} \"  ><p id='toggle-toggle-id-3' data-fake-id='#toggle-id-3' class='toggler  av-title-above '  itemprop=\"headline\"  role='tab' tabindex='0' aria-controls='toggle-id-3' data-slide-speed=\"200\" data-title=\"\u00bfpuedo instalar un fasterm en cualquier lugar?\" data-title-open=\"\" data-aria_collapsed=\"Click to expand: \u00bfpuedo instalar un fasterm en cualquier lugar?\" data-aria_expanded=\"Click to collapse: \u00bfpuedo instalar un fasterm en cualquier lugar?\">\u00bfpuedo instalar un fasterm en cualquier lugar?<span class=\"toggle_icon\"><span class=\"vert_icon\"><\/span><span class=\"hor_icon\"><\/span><\/span><\/p><div id='toggle-id-3' aria-labelledby='toggle-toggle-id-3' role='region' class='toggle_wrap  av-title-above'  ><div class='toggle_content invers-color '  itemprop=\"text\" ><p>S\u00ed, incluso en ambientes cerrados, en proyectos espec\u00edficos, pero se recomienda que las bombas se instalen en lugares abiertos, ya que tienen una salida de aire fr\u00edo que puede enfriar un ambiente cerrado, dificultando el trabajo de calentamiento de la m\u00e1quina.<\/p>\n<\/div><\/div><\/div><\/section>\n<section class='av_toggle_section av-1ehkyz-fe676a5d645ca22b9b42e32870dc772d'  itemscope=\"itemscope\" itemtype=\"https:\/\/schema.org\/CreativeWork\" ><div role=\"tablist\" class=\"single_toggle\" data-tags=\"{All} \"  ><p id='toggle-toggle-id-4' data-fake-id='#toggle-id-4' class='toggler  av-title-above '  itemprop=\"headline\"  role='tab' tabindex='0' aria-controls='toggle-id-4' data-slide-speed=\"200\" data-title=\"\u00bfc\u00f3mo se mantienen las bombas?\" data-title-open=\"\" data-aria_collapsed=\"Click to expand: \u00bfc\u00f3mo se mantienen las bombas?\" data-aria_expanded=\"Click to collapse: \u00bfc\u00f3mo se mantienen las bombas?\">\u00bfc\u00f3mo se mantienen las bombas?<span class=\"toggle_icon\"><span class=\"vert_icon\"><\/span><span class=\"hor_icon\"><\/span><\/span><\/p><div id='toggle-id-4' aria-labelledby='toggle-toggle-id-4' role='region' class='toggle_wrap  av-title-above'  ><div class='toggle_content invers-color '  itemprop=\"text\" ><p>Es muy sencillo. Cada mes, con una manguera de baja presi\u00f3n (utilizada en los jardines), limpie la cara externa de los evaporadores para que el sistema de calefacci\u00f3n quede perfecto.<\/p>\n<\/div><\/div><\/div><\/section>\n<section class='av_toggle_section av-1ai8h7-2109c6354311ecc5ca16a7a6b0d428c0'  itemscope=\"itemscope\" itemtype=\"https:\/\/schema.org\/CreativeWork\" ><div role=\"tablist\" class=\"single_toggle\" data-tags=\"{All} \"  ><p id='toggle-toggle-id-5' data-fake-id='#toggle-id-5' class='toggler  av-title-above '  itemprop=\"headline\"  role='tab' tabindex='0' aria-controls='toggle-id-5' data-slide-speed=\"200\" data-title=\"\u00bfse calienta el equipo con electricidad?\" data-title-open=\"\" data-aria_collapsed=\"Click to expand: \u00bfse calienta el equipo con electricidad?\" data-aria_expanded=\"Click to collapse: \u00bfse calienta el equipo con electricidad?\">\u00bfse calienta el equipo con electricidad?<span class=\"toggle_icon\"><span class=\"vert_icon\"><\/span><span class=\"hor_icon\"><\/span><\/span><\/p><div id='toggle-id-5' aria-labelledby='toggle-toggle-id-5' role='region' class='toggle_wrap  av-title-above'  ><div class='toggle_content invers-color '  itemprop=\"text\" ><p>No, los equipos Fasterm s\u00f3lo utilizan energ\u00eda como fuente de alimentaci\u00f3n para mantener el aparato encendido. El sistema de calefacci\u00f3n toma el calor del aire y lo transfiere al agua.<\/p>\n<\/div><\/div><\/div><\/section>\n<section class='av_toggle_section av-10xkar-f44cf96ccacfe72240446b2a3f4e6832'  itemscope=\"itemscope\" itemtype=\"https:\/\/schema.org\/CreativeWork\" ><div role=\"tablist\" class=\"single_toggle\" data-tags=\"{All} \"  ><p id='toggle-toggle-id-6' data-fake-id='#toggle-id-6' class='toggler  av-title-above '  itemprop=\"headline\"  role='tab' tabindex='0' aria-controls='toggle-id-6' data-slide-speed=\"200\" data-title=\"\u00bfc\u00f3mo funciona en climas fr\u00edos?\" data-title-open=\"\" data-aria_collapsed=\"Click to expand: \u00bfc\u00f3mo funciona en climas fr\u00edos?\" data-aria_expanded=\"Click to collapse: \u00bfc\u00f3mo funciona en climas fr\u00edos?\">\u00bfc\u00f3mo funciona en climas fr\u00edos?<span class=\"toggle_icon\"><span class=\"vert_icon\"><\/span><span class=\"hor_icon\"><\/span><\/span><\/p><div id='toggle-id-6' aria-labelledby='toggle-toggle-id-6' role='region' class='toggle_wrap  av-title-above'  ><div class='toggle_content invers-color '  itemprop=\"text\" ><p>El sistema Fasterm est\u00e1 dise\u00f1ado para funcionar a cualquier hora del d\u00eda, en cualquier estaci\u00f3n del a\u00f1o. Para ello, cuenta con sistemas de accesorios y m\u00e9todos de instalaci\u00f3n que garantizan su funcionamiento, incluso en regiones de fr\u00edo intenso.<\/p>\n<\/div><\/div><\/div><\/section>\n<\/div>\n<\/div><\/div><\/div><!-- close content main div --><\/div><\/div>\n<style type=\"text\/css\" data-created_by=\"avia_inline_auto\" id=\"style-css-av-z54ur-8a17c356519ec6a0441c3aee68134a96\">\n.avia-section.av-z54ur-8a17c356519ec6a0441c3aee68134a96{\nbackground-color:#44c9f6;\nbackground-image:unset;\n}\n<\/style>\n<div id='av_section_2'  class='avia-section av-z54ur-8a17c356519ec6a0441c3aee68134a96 alternate_color avia-section-default avia-no-border-styling  avia-builder-el-4  el_after_av_toggle_container  avia-builder-el-last  avia-bg-style-scroll container_wrap sidebar_right'  ><div class='container av-section-cont-open' ><div class='template-page content  av-content-small alpha units'><div class='post-entry post-entry-type-page post-entry-8235'><div class='entry-content-wrapper clearfix'>\n<div class='flex_column_table av-oip3v-e18721bd565684971aa66b24106173bf sc-av_three_fifth av-equal-height-column-flextable'>\n<style type=\"text\/css\" data-created_by=\"avia_inline_auto\" id=\"style-css-av-oip3v-e18721bd565684971aa66b24106173bf\">\n.flex_column.av-oip3v-e18721bd565684971aa66b24106173bf{\nborder-radius:0px 0px 0px 0px;\npadding:0px 0px 0px 0px;\n}\n<\/style>\n<div  class='flex_column av-oip3v-e18721bd565684971aa66b24106173bf av_three_fifth  avia-builder-el-5  el_before_av_two_fifth  avia-builder-el-first  first flex_column_table_cell av-equal-height-column av-align-middle av-zero-column-padding  '     ><style type=\"text\/css\" data-created_by=\"avia_inline_auto\" id=\"style-css-av-mdr1n-633f3473462972a0a9c9b69928369088\">\n#top .av-special-heading.av-mdr1n-633f3473462972a0a9c9b69928369088{\npadding-bottom:10px;\n}\nbody .av-special-heading.av-mdr1n-633f3473462972a0a9c9b69928369088 .av-special-heading-tag .heading-char{\nfont-size:25px;\n}\n.av-special-heading.av-mdr1n-633f3473462972a0a9c9b69928369088 .av-subheading{\nfont-size:15px;\n}\n<\/style>\n<div  class='av-special-heading av-mdr1n-633f3473462972a0a9c9b69928369088 av-special-heading-h2  avia-builder-el-6  avia-builder-el-no-sibling '><h2 class='av-special-heading-tag '  itemprop=\"headline\"  >\u00bfQuiere un c\u00e1lculo de ahorro personalizado (sin compromiso) para su hotel, motel, hospital o condominio?<\/h2><div class=\"special-heading-border\"><div class=\"special-heading-inner-border\"><\/div><\/div><\/div><\/div><div class='av-flex-placeholder'><\/div>\n<style type=\"text\/css\" data-created_by=\"avia_inline_auto\" id=\"style-css-av-ffnyj-83542ede839700b40176660e3efe7ee8\">\n.flex_column.av-ffnyj-83542ede839700b40176660e3efe7ee8{\nborder-radius:0px 0px 0px 0px;\npadding:0px 0px 0px 0px;\n}\n<\/style>\n<div  class='flex_column av-ffnyj-83542ede839700b40176660e3efe7ee8 av_two_fifth  avia-builder-el-7  el_after_av_three_fifth  avia-builder-el-last  flex_column_table_cell av-equal-height-column av-align-middle av-zero-column-padding  '     ><div  class='avia-button-wrap av-9yjib-591dc4cdbcbedd0f882d2b29e3ec9776-wrap avia-button-center  avia-builder-el-8  avia-builder-el-no-sibling '><a href=''  class='avia-button av-9yjib-591dc4cdbcbedd0f882d2b29e3ec9776 av-link-btn avia-icon_select-no avia-size-large avia-position-center avia-color-theme-color'   aria-label=\"Hable con un especialista\"><span class='avia_iconbox_title' >Hable con un especialista<\/span><\/a><\/div><\/div><\/div><!--close column table wrapper. Autoclose: 1 -->\n<\/div><\/div><\/div><!-- close content main div --><\/div><\/div><div id='after_section_2'  class='main_color av_default_container_wrap container_wrap sidebar_right'  ><div class='container av-section-cont-open' ><div class='template-page content  av-content-small alpha units'><div class='post-entry post-entry-type-page post-entry-8235'><div class='entry-content-wrapper clearfix'>\n","protected":false},"excerpt":{"rendered":"","protected":false},"author":1,"featured_media":0,"parent":0,"menu_order":0,"comment_status":"closed","ping_status":"closed","template":"","meta":{"inline_featured_image":false,"footnotes":""},"class_list":["post-8235","page","type-page","status-publish","hentry"],"yoast_head":"<!-- This site is optimized with the Yoast SEO plugin v27.5 - https:\/\/yoast.com\/product\/yoast-seo-wordpress\/ -->\n<title>Preguntas | Central de dudas de Fasterm<\/title>\n<meta name=\"description\" content=\"\u00bfQu\u00e9 es una bomba de calor? \u00bfCu\u00e1les son las principales ventajas de las bombas de calor Fasterm? Obtenga respuestas a estas y otras preguntas sobre Fasterm.\" \/>\n<meta name=\"robots\" content=\"index, follow, max-snippet:-1, max-image-preview:large, max-video-preview:-1\" \/>\n<link rel=\"canonical\" href=\"https:\/\/fasterm.com.br\/es\/dudas\/\" \/>\n<meta property=\"og:locale\" content=\"es_ES\" \/>\n<meta property=\"og:type\" content=\"article\" \/>\n<meta property=\"og:title\" content=\"Preguntas | Central de dudas de Fasterm\" \/>\n<meta property=\"og:description\" content=\"\u00bfQu\u00e9 es una bomba de calor? \u00bfCu\u00e1les son las principales ventajas de las bombas de calor Fasterm? Obtenga respuestas a estas y otras preguntas sobre Fasterm.\" \/>\n<meta property=\"og:url\" content=\"https:\/\/fasterm.com.br\/es\/dudas\/\" \/>\n<meta property=\"og:site_name\" content=\"Fasterm\" \/>\n<meta property=\"article:modified_time\" content=\"2022-10-26T12:20:44+00:00\" \/>\n<meta name=\"twitter:card\" content=\"summary_large_image\" \/>\n<meta name=\"twitter:label1\" content=\"Tiempo de lectura\" \/>\n\t<meta name=\"twitter:data1\" content=\"5 minutos\" \/>\n<script type=\"application\/ld+json\" class=\"yoast-schema-graph\">{\"@context\":\"https:\\\/\\\/schema.org\",\"@graph\":[{\"@type\":\"WebPage\",\"@id\":\"https:\\\/\\\/fasterm.com.br\\\/es\\\/dudas\\\/\",\"url\":\"https:\\\/\\\/fasterm.com.br\\\/es\\\/dudas\\\/\",\"name\":\"Preguntas | Central de dudas de Fasterm\",\"isPartOf\":{\"@id\":\"https:\\\/\\\/fasterm.com.br\\\/es\\\/#website\"},\"datePublished\":\"2017-06-06T12:56:18+00:00\",\"dateModified\":\"2022-10-26T12:20:44+00:00\",\"description\":\"\u00bfQu\u00e9 es una bomba de calor? \u00bfCu\u00e1les son las principales ventajas de las bombas de calor Fasterm? Obtenga respuestas a estas y otras preguntas sobre Fasterm.\",\"breadcrumb\":{\"@id\":\"https:\\\/\\\/fasterm.com.br\\\/es\\\/dudas\\\/#breadcrumb\"},\"inLanguage\":\"es\",\"potentialAction\":[{\"@type\":\"ReadAction\",\"target\":[\"https:\\\/\\\/fasterm.com.br\\\/es\\\/dudas\\\/\"]}]},{\"@type\":\"BreadcrumbList\",\"@id\":\"https:\\\/\\\/fasterm.com.br\\\/es\\\/dudas\\\/#breadcrumb\",\"itemListElement\":[{\"@type\":\"ListItem\",\"position\":1,\"name\":\"Home\",\"item\":\"https:\\\/\\\/fasterm.com.br\\\/es\\\/home-es\\\/\"},{\"@type\":\"ListItem\",\"position\":2,\"name\":\"Preguntas\"}]},{\"@type\":\"WebSite\",\"@id\":\"https:\\\/\\\/fasterm.com.br\\\/es\\\/#website\",\"url\":\"https:\\\/\\\/fasterm.com.br\\\/es\\\/\",\"name\":\"Fasterm\",\"description\":\"Sistema de Aquecimento de \u00e1gua\",\"potentialAction\":[{\"@type\":\"SearchAction\",\"target\":{\"@type\":\"EntryPoint\",\"urlTemplate\":\"https:\\\/\\\/fasterm.com.br\\\/es\\\/?s={search_term_string}\"},\"query-input\":{\"@type\":\"PropertyValueSpecification\",\"valueRequired\":true,\"valueName\":\"search_term_string\"}}],\"inLanguage\":\"es\"}]}<\/script>\n<!-- \/ Yoast SEO plugin. -->","yoast_head_json":{"title":"Preguntas | Central de dudas de Fasterm","description":"\u00bfQu\u00e9 es una bomba de calor? \u00bfCu\u00e1les son las principales ventajas de las bombas de calor Fasterm? Obtenga respuestas a estas y otras preguntas sobre Fasterm.","robots":{"index":"index","follow":"follow","max-snippet":"max-snippet:-1","max-image-preview":"max-image-preview:large","max-video-preview":"max-video-preview:-1"},"canonical":"https:\/\/fasterm.com.br\/es\/dudas\/","og_locale":"es_ES","og_type":"article","og_title":"Preguntas | Central de dudas de Fasterm","og_description":"\u00bfQu\u00e9 es una bomba de calor? \u00bfCu\u00e1les son las principales ventajas de las bombas de calor Fasterm? Obtenga respuestas a estas y otras preguntas sobre Fasterm.","og_url":"https:\/\/fasterm.com.br\/es\/dudas\/","og_site_name":"Fasterm","article_modified_time":"2022-10-26T12:20:44+00:00","twitter_card":"summary_large_image","twitter_misc":{"Tiempo de lectura":"5 minutos"},"schema":{"@context":"https:\/\/schema.org","@graph":[{"@type":"WebPage","@id":"https:\/\/fasterm.com.br\/es\/dudas\/","url":"https:\/\/fasterm.com.br\/es\/dudas\/","name":"Preguntas | Central de dudas de Fasterm","isPartOf":{"@id":"https:\/\/fasterm.com.br\/es\/#website"},"datePublished":"2017-06-06T12:56:18+00:00","dateModified":"2022-10-26T12:20:44+00:00","description":"\u00bfQu\u00e9 es una bomba de calor? \u00bfCu\u00e1les son las principales ventajas de las bombas de calor Fasterm? Obtenga respuestas a estas y otras preguntas sobre Fasterm.","breadcrumb":{"@id":"https:\/\/fasterm.com.br\/es\/dudas\/#breadcrumb"},"inLanguage":"es","potentialAction":[{"@type":"ReadAction","target":["https:\/\/fasterm.com.br\/es\/dudas\/"]}]},{"@type":"BreadcrumbList","@id":"https:\/\/fasterm.com.br\/es\/dudas\/#breadcrumb","itemListElement":[{"@type":"ListItem","position":1,"name":"Home","item":"https:\/\/fasterm.com.br\/es\/home-es\/"},{"@type":"ListItem","position":2,"name":"Preguntas"}]},{"@type":"WebSite","@id":"https:\/\/fasterm.com.br\/es\/#website","url":"https:\/\/fasterm.com.br\/es\/","name":"Fasterm","description":"Sistema de Aquecimento de \u00e1gua","potentialAction":[{"@type":"SearchAction","target":{"@type":"EntryPoint","urlTemplate":"https:\/\/fasterm.com.br\/es\/?s={search_term_string}"},"query-input":{"@type":"PropertyValueSpecification","valueRequired":true,"valueName":"search_term_string"}}],"inLanguage":"es"}]}},"_links":{"self":[{"href":"https:\/\/fasterm.com.br\/es\/wp-json\/wp\/v2\/pages\/8235","targetHints":{"allow":["GET"]}}],"collection":[{"href":"https:\/\/fasterm.com.br\/es\/wp-json\/wp\/v2\/pages"}],"about":[{"href":"https:\/\/fasterm.com.br\/es\/wp-json\/wp\/v2\/types\/page"}],"author":[{"embeddable":true,"href":"https:\/\/fasterm.com.br\/es\/wp-json\/wp\/v2\/users\/1"}],"replies":[{"embeddable":true,"href":"https:\/\/fasterm.com.br\/es\/wp-json\/wp\/v2\/comments?post=8235"}],"version-history":[{"count":1,"href":"https:\/\/fasterm.com.br\/es\/wp-json\/wp\/v2\/pages\/8235\/revisions"}],"predecessor-version":[{"id":8238,"href":"https:\/\/fasterm.com.br\/es\/wp-json\/wp\/v2\/pages\/8235\/revisions\/8238"}],"wp:attachment":[{"href":"https:\/\/fasterm.com.br\/es\/wp-json\/wp\/v2\/media?parent=8235"}],"curies":[{"name":"wp","href":"https:\/\/api.w.org\/{rel}","templated":true}]}}