{"id":8231,"date":"2017-06-06T09:56:30","date_gmt":"2017-06-06T12:56:30","guid":{"rendered":"https:\/\/fasterm.com.br\/descargas\/"},"modified":"2022-10-26T09:20:44","modified_gmt":"2022-10-26T12:20:44","slug":"descargas","status":"publish","type":"page","link":"https:\/\/fasterm.com.br\/es\/descargas\/","title":{"rendered":"Descargas"},"content":{"rendered":"\n<style type=\"text\/css\" data-created_by=\"avia_inline_auto\" id=\"style-css-av-1f2811-be866223773904388ef55d9ab14bd419\">\n.avia-section.av-1f2811-be866223773904388ef55d9ab14bd419{\nbackground-repeat:no-repeat;\nbackground-image:url(https:\/\/fasterm.com.br\/wp-content\/uploads\/2021\/10\/downloads-de-materiais-Fasterm.jpg);\nbackground-position:50% 50%;\nbackground-attachment:scroll;\n}\n<\/style>\n<div id='header-empty-section'  class='avia-section av-1f2811-be866223773904388ef55d9ab14bd419 main_color avia-section-default avia-no-border-styling  avia-builder-el-0  el_before_av_section  avia-builder-el-first  avia-bg-style-scroll av-minimum-height av-minimum-height-custom av-height-custom  container_wrap sidebar_right'  data-section-bg-repeat='no-repeat' data-av_minimum_height_px='220'><div class='container av-section-cont-open' style='height:220px'><main  role=\"main\" itemprop=\"mainContentOfPage\"  class='template-page content  av-content-small alpha units'><div class='post-entry post-entry-type-page post-entry-8231'><div class='entry-content-wrapper clearfix'>\n<\/div><\/div><\/main><!-- close content main element --><\/div><\/div><div id='av_section_2'  class='avia-section av-1ak22d-d44a10781b35714ff20fc74ebdbd7c62 main_color avia-section-default avia-no-shadow  avia-builder-el-1  el_after_av_section  el_before_av_section  avia-bg-style-scroll container_wrap sidebar_right'  ><div class='container av-section-cont-open' ><div class='template-page content  av-content-small alpha units'><div class='post-entry post-entry-type-page post-entry-8231'><div class='entry-content-wrapper clearfix'>\n\n<style type=\"text\/css\" data-created_by=\"avia_inline_auto\" id=\"style-css-av-15ebc5-1d5be04d1cd36428a3f1320a9f91bbd5\">\n#top .av-special-heading.av-15ebc5-1d5be04d1cd36428a3f1320a9f91bbd5{\npadding-bottom:10px;\n}\nbody .av-special-heading.av-15ebc5-1d5be04d1cd36428a3f1320a9f91bbd5 .av-special-heading-tag .heading-char{\nfont-size:25px;\n}\n.av-special-heading.av-15ebc5-1d5be04d1cd36428a3f1320a9f91bbd5 .av-subheading{\nfont-size:15px;\n}\n<\/style>\n<div  class='av-special-heading av-15ebc5-1d5be04d1cd36428a3f1320a9f91bbd5 av-special-heading-h1 blockquote modern-quote modern-centered  avia-builder-el-2  el_before_av_heading  avia-builder-el-first '><h1 class='av-special-heading-tag '  itemprop=\"headline\"  >Descargas<\/h1><div class=\"special-heading-border\"><div class=\"special-heading-inner-border\"><\/div><\/div><\/div>\n\n<style type=\"text\/css\" data-created_by=\"avia_inline_auto\" id=\"style-css-av-ym24l-c9a522a1f94d49dde1a77d99529f82d7\">\n#top .av-special-heading.av-ym24l-c9a522a1f94d49dde1a77d99529f82d7{\npadding-bottom:10px;\n}\nbody .av-special-heading.av-ym24l-c9a522a1f94d49dde1a77d99529f82d7 .av-special-heading-tag .heading-char{\nfont-size:25px;\n}\n.av-special-heading.av-ym24l-c9a522a1f94d49dde1a77d99529f82d7 .av-subheading{\nfont-size:15px;\n}\n<\/style>\n<div  class='av-special-heading av-ym24l-c9a522a1f94d49dde1a77d99529f82d7 av-special-heading-h2 blockquote modern-quote modern-centered  avia-builder-el-3  el_after_av_heading  el_before_av_textblock '><h2 class='av-special-heading-tag '  itemprop=\"headline\"  >Descargue contenidos exclusivos para su empresa<\/h2><div class=\"special-heading-border\"><div class=\"special-heading-inner-border\"><\/div><\/div><\/div>\n<section  class='av_textblock_section av-p023x-0ab43a8d7be3cf0fdb6eeee4a6b89b1b '   itemscope=\"itemscope\" itemtype=\"https:\/\/schema.org\/CreativeWork\" ><div class='avia_textblock'  itemprop=\"text\" ><p>Encuentre aqu\u00ed libros electr\u00f3nicos, carpetas, cat\u00e1logos, manuales, presentaciones y otros materiales ricos y \u00fatiles que pueden ayudar en la gesti\u00f3n de su hotel, motel, hospital o condominio.<\/p>\n<\/div><\/section>\n\n<\/div><\/div><\/div><!-- close content main div --><\/div><\/div><div id='portfolio-cases'  class='avia-section av-n52ud-786a0eb6cf2e77d25a2b8e1356f3bd99 main_color avia-section-default avia-no-shadow  avia-builder-el-5  el_after_av_section  avia-builder-el-last  avia-bg-style-scroll container_wrap sidebar_right'  ><div class='container av-section-cont-open' ><div class='template-page content  av-content-small alpha units'><div class='post-entry post-entry-type-page post-entry-8231'><div class='entry-content-wrapper clearfix'>\n<div  id=\"av-sc-portfolio-1\"  class=\"av-portfolio-grid-sorting-container\"><div class='sort_width_container  av-sort-yes-tax' data-portfolio-id='1' ><div id='js_sort_items' ><div class='av-current-sort-title'><span class=\"inner_sort_button\"><span>All<\/span><small class=\"av-cat-count\"> 6 <\/small><\/span><\/div><div class='sort_by_cat hidden'><a href=\"#\" data-filter=\"all_sort\" class=\"all_sort_button active_sort\"><span class=\"inner_sort_button\"><span>All<\/span><small class=\"av-cat-count\"> 6 <\/small><\/span><\/a><span class=\"text-sep materiales-utiles_sort_sep\">\/<\/span><a href=\"#\" data-filter=\"materiales-utiles_sort\" class=\"materiales-utiles_sort_button\" ><span class=\"inner_sort_button\"><span>Materiales \u00fatiles<\/span><small class=\"av-cat-count\"> 6 <\/small><\/span><\/a><\/div><\/div><\/div><div  class=' grid-sort-container isotope   no_margin-container with-excerpt-container grid-total-even grid-col-3 grid-links-' data-portfolio-id='1'><div data-ajax-id='8067' class=' grid-entry flex_column isotope-item all_sort no_margin post-entry post-entry-8067 grid-entry-overview grid-loop-1 grid-parity-odd  materiales_sort materiales-utiles_sort  av_one_third first default_av_fullwidth '><article class='main_color inner-entry'  itemscope=\"itemscope\" itemtype=\"https:\/\/schema.org\/CreativeWork\" ><a href=\"https:\/\/materiais.fasterm.com.br\/experiencia-do-hospede\" title='Experiencia de los hu\u00e9spedes: una gu\u00eda completa para fidelizar a los clientes'  data-rel='grid-1' class='grid-image avia-hover-fx'> <img decoding=\"async\" fetchpriority=\"high\" width=\"320\" height=\"232\" src=\"https:\/\/fasterm.com.br\/wp-content\/uploads\/2022\/10\/experiencia-do-hospede.png\" class=\"wp-image-7920 avia-img-lazy-loading-not-7920 attachment-portfolio size-portfolio wp-post-image\" alt=\"experiencia-do-hospede\" srcset=\"https:\/\/fasterm.com.br\/wp-content\/uploads\/2022\/10\/experiencia-do-hospede.png 320w, https:\/\/fasterm.com.br\/wp-content\/uploads\/2022\/10\/experiencia-do-hospede-300x218.png 300w\" sizes=\"(max-width: 320px) 100vw, 320px\" \/><\/a><div class='grid-content'><div class='avia-arrow'><\/div><header class=\"entry-content-header\" aria-label=\"Portfolio: Experiencia de los hu\u00e9spedes: una gu\u00eda completa para fidelizar a los clientes\"><h3 class='grid-entry-title entry-title '  itemprop=\"headline\" >Experiencia de los hu\u00e9spedes: una gu\u00eda completa para fidelizar a los clientes<\/h3><\/header><\/div><footer class=\"entry-footer\"><\/footer><\/article><\/div><div data-ajax-id='8070' class=' grid-entry flex_column isotope-item all_sort no_margin post-entry post-entry-8070 grid-entry-overview grid-loop-2 grid-parity-even  materiales_sort materiales-utiles_sort  av_one_third  default_av_fullwidth '><article class='main_color inner-entry'  itemscope=\"itemscope\" itemtype=\"https:\/\/schema.org\/CreativeWork\" ><a href=\"https:\/\/materiais.fasterm.com.br\/tendencias-que-elevarao-sua-gestao-hoteleira\" title='Tendencias que elevar\u00e1n su gesti\u00f3n hotelera'  data-rel='grid-1' class='grid-image avia-hover-fx'> <img decoding=\"async\" fetchpriority=\"high\" width=\"321\" height=\"233\" src=\"https:\/\/fasterm.com.br\/wp-content\/uploads\/2022\/08\/FAS_M.01_PaginaMateriais.png\" class=\"wp-image-7695 avia-img-lazy-loading-not-7695 attachment-portfolio size-portfolio wp-post-image\" alt=\"\" srcset=\"https:\/\/fasterm.com.br\/wp-content\/uploads\/2022\/08\/FAS_M.01_PaginaMateriais.png 321w, https:\/\/fasterm.com.br\/wp-content\/uploads\/2022\/08\/FAS_M.01_PaginaMateriais-300x218.png 300w\" sizes=\"(max-width: 321px) 100vw, 321px\" \/><\/a><div class='grid-content'><div class='avia-arrow'><\/div><header class=\"entry-content-header\" aria-label=\"Portfolio: Tendencias que elevar\u00e1n su gesti\u00f3n hotelera\"><h3 class='grid-entry-title entry-title '  itemprop=\"headline\" >Tendencias que elevar\u00e1n su gesti\u00f3n hotelera<\/h3><\/header><\/div><footer class=\"entry-footer\"><\/footer><\/article><\/div><div data-ajax-id='7935' class=' grid-entry flex_column isotope-item all_sort no_margin post-entry post-entry-7935 grid-entry-overview grid-loop-3 grid-parity-odd  materiales-utiles_sort  av_one_third  default_av_fullwidth '><article class='main_color inner-entry'  itemscope=\"itemscope\" itemtype=\"https:\/\/schema.org\/CreativeWork\" ><a href=\"https:\/\/materiais.fasterm.com.br\/tecnologia-nos-condominios\" title='Tecnolog\u00eda en condominios: una gu\u00eda de herramientas que hacen que su gesti\u00f3n sea m\u00e1s eficiente y econ\u00f3mica'  data-rel='grid-1' class='grid-image avia-hover-fx'> <img decoding=\"async\" fetchpriority=\"high\" width=\"320\" height=\"232\" src=\"https:\/\/fasterm.com.br\/wp-content\/uploads\/2022\/08\/FAS_CTA_W.01_CTAs_materiaisSite-1.png\" class=\"wp-image-7691 avia-img-lazy-loading-not-7691 attachment-portfolio size-portfolio wp-post-image\" alt=\"\" srcset=\"https:\/\/fasterm.com.br\/wp-content\/uploads\/2022\/08\/FAS_CTA_W.01_CTAs_materiaisSite-1.png 320w, https:\/\/fasterm.com.br\/wp-content\/uploads\/2022\/08\/FAS_CTA_W.01_CTAs_materiaisSite-1-300x218.png 300w\" sizes=\"(max-width: 320px) 100vw, 320px\" \/><\/a><div class='grid-content'><div class='avia-arrow'><\/div><header class=\"entry-content-header\" aria-label=\"Portfolio: Tecnolog\u00eda en condominios: una gu\u00eda de herramientas que hacen que su gesti\u00f3n sea m\u00e1s eficiente y econ\u00f3mica\"><h3 class='grid-entry-title entry-title '  itemprop=\"headline\" >Tecnolog\u00eda en condominios: una gu\u00eda de herramientas que hacen que su gesti\u00f3n sea m\u00e1s eficiente y econ\u00f3mica<\/h3><\/header><\/div><footer class=\"entry-footer\"><\/footer><\/article><\/div><div data-ajax-id='8143' class=' grid-entry flex_column isotope-item all_sort no_margin post-entry post-entry-8143 grid-entry-overview grid-loop-4 grid-parity-even  materiales-utiles_sort  av_one_third first default_av_fullwidth '><article class='main_color inner-entry'  itemscope=\"itemscope\" itemtype=\"https:\/\/schema.org\/CreativeWork\" ><a href=\"https:\/\/materiais.fasterm.com.br\/guia-da-economia-no-condominio\" title='Ebook guia completa economia no condominio'  data-rel='grid-1' class='grid-image avia-hover-fx'> <img decoding=\"async\" fetchpriority=\"high\" width=\"331\" height=\"241\" src=\"https:\/\/fasterm.com.br\/wp-content\/uploads\/2019\/04\/ebook_economia_condominio.jpg\" class=\"wp-image-7305 avia-img-lazy-loading-not-7305 attachment-portfolio size-portfolio wp-post-image\" alt=\"\" srcset=\"https:\/\/fasterm.com.br\/wp-content\/uploads\/2019\/04\/ebook_economia_condominio.jpg 331w, https:\/\/fasterm.com.br\/wp-content\/uploads\/2019\/04\/ebook_economia_condominio-300x218.jpg 300w\" sizes=\"(max-width: 331px) 100vw, 331px\" \/><\/a><div class='grid-content'><div class='avia-arrow'><\/div><header class=\"entry-content-header\" aria-label=\"Portfolio: Ebook guia completa economia no condominio\"><h3 class='grid-entry-title entry-title '  itemprop=\"headline\" >Ebook guia completa economia no condominio<\/h3><\/header><\/div><footer class=\"entry-footer\"><\/footer><\/article><\/div><div data-ajax-id='8144' class=' grid-entry flex_column isotope-item all_sort no_margin post-entry post-entry-8144 grid-entry-overview grid-loop-5 grid-parity-odd  materiales-utiles_sort  av_one_third  default_av_fullwidth '><article class='main_color inner-entry'  itemscope=\"itemscope\" itemtype=\"https:\/\/schema.org\/CreativeWork\" ><a href=\"https:\/\/materiais.fasterm.com.br\/ebook-alavancando-o-faturamento-da-sua-revenda-de-aquecimento\" title='Libro electr\u00f3nico para la calefacci\u00f3n de reventa'  data-rel='grid-1' class='grid-image avia-hover-fx'> <img decoding=\"async\" fetchpriority=\"high\" width=\"331\" height=\"241\" src=\"https:\/\/fasterm.com.br\/wp-content\/uploads\/2019\/02\/BANNER_BIBLIOTECA.jpg\" class=\"wp-image-7233 avia-img-lazy-loading-not-7233 attachment-portfolio size-portfolio wp-post-image\" alt=\"\" srcset=\"https:\/\/fasterm.com.br\/wp-content\/uploads\/2019\/02\/BANNER_BIBLIOTECA.jpg 331w, https:\/\/fasterm.com.br\/wp-content\/uploads\/2019\/02\/BANNER_BIBLIOTECA-300x218.jpg 300w\" sizes=\"(max-width: 331px) 100vw, 331px\" \/><\/a><div class='grid-content'><div class='avia-arrow'><\/div><header class=\"entry-content-header\" aria-label=\"Portfolio: Libro electr\u00f3nico para la calefacci\u00f3n de reventa\"><h3 class='grid-entry-title entry-title '  itemprop=\"headline\" >Libro electr\u00f3nico para la calefacci\u00f3n de reventa<\/h3><\/header><\/div><footer class=\"entry-footer\"><\/footer><\/article><\/div><div data-ajax-id='8146' class=' grid-entry flex_column isotope-item all_sort no_margin post-entry post-entry-8146 grid-entry-overview grid-loop-6 grid-parity-even  post-entry-last  materiales-utiles_sort  av_one_third  default_av_fullwidth '><article class='main_color inner-entry'  itemscope=\"itemscope\" itemtype=\"https:\/\/schema.org\/CreativeWork\" ><a href=\"https:\/\/materiais.fasterm.com.br\/conheca-a-tecnologia-que-esta-revolucionando-o-aquecimento-de-agua\" title='Ebook conoce la nueva tecnolog\u00eda de calentamiento de agua'  data-rel='grid-1' class='grid-image avia-hover-fx'> <img decoding=\"async\" fetchpriority=\"high\" width=\"331\" height=\"241\" src=\"https:\/\/fasterm.com.br\/wp-content\/uploads\/2018\/10\/BANNER_BIBLIOTECA.jpg\" class=\"wp-image-7123 avia-img-lazy-loading-not-7123 attachment-portfolio size-portfolio wp-post-image\" alt=\"\" srcset=\"https:\/\/fasterm.com.br\/wp-content\/uploads\/2018\/10\/BANNER_BIBLIOTECA.jpg 331w, https:\/\/fasterm.com.br\/wp-content\/uploads\/2018\/10\/BANNER_BIBLIOTECA-300x218.jpg 300w\" sizes=\"(max-width: 331px) 100vw, 331px\" \/><\/a><div class='grid-content'><div class='avia-arrow'><\/div><header class=\"entry-content-header\" aria-label=\"Portfolio: Ebook conoce la nueva tecnolog\u00eda de calentamiento de agua\"><h3 class='grid-entry-title entry-title '  itemprop=\"headline\" >Ebook conoce la nueva tecnolog\u00eda de calentamiento de agua<\/h3><\/header><\/div><footer class=\"entry-footer\"><\/footer><\/article><\/div><\/div><\/div>   <!--   class=\"av-portfolio-grid-sorting-container\"  --><div class='pagination-wrap  '><nav class='pagination'><span class='pagination-meta'>Page 1 of 2<\/span><span class='current'>1<\/span><a href='https:\/\/fasterm.com.br\/es\/wp-json\/wp\/v2\/pages\/8231\/?avia-element-paging=2' class='inactive next_page' >2<\/a><\/nav>\n<\/div>\n\n<style type=\"text\/css\" data-created_by=\"avia_inline_auto\" id=\"style-css-av-7ar7h-a24b91b7f4d7bb0f720575969cbed807\">\n.flex_column.av-7ar7h-a24b91b7f4d7bb0f720575969cbed807{\nborder-radius:0px 0px 0px 0px;\npadding:0px 0px 0px 0px;\n}\n<\/style>\n<div  class='flex_column av-7ar7h-a24b91b7f4d7bb0f720575969cbed807 av_one_full  avia-builder-el-7  el_after_av_portfolio  avia-builder-el-no-sibling  first flex_column_div av-zero-column-padding  '     ><\/div>\n<\/div><\/div><\/div><!-- close content main div --><\/div><\/div><div id='after_section_3'  class='main_color av_default_container_wrap container_wrap sidebar_right'  ><div class='container av-section-cont-open' ><div class='template-page content  av-content-small alpha units'><div class='post-entry post-entry-type-page post-entry-8231'><div class='entry-content-wrapper clearfix'>\n","protected":false},"excerpt":{"rendered":"","protected":false},"author":1,"featured_media":0,"parent":0,"menu_order":0,"comment_status":"closed","ping_status":"closed","template":"","meta":{"inline_featured_image":false,"footnotes":""},"class_list":["post-8231","page","type-page","status-publish","hentry"],"yoast_head":"<!-- This site is optimized with the Yoast SEO plugin v27.5 - https:\/\/yoast.com\/product\/yoast-seo-wordpress\/ -->\n<title>Descargas gratuitas de libros electr\u00f3nicos y materiales | Fasterm<\/title>\n<meta name=\"description\" content=\"Encuentre aqu\u00ed materiales descargables como libros electr\u00f3nicos, carpetas, cat\u00e1logos, manuales y presentaciones que pueden ayudarle a gestionar su negocio\" \/>\n<meta name=\"robots\" content=\"index, follow, max-snippet:-1, max-image-preview:large, max-video-preview:-1\" \/>\n<link rel=\"canonical\" href=\"https:\/\/fasterm.com.br\/es\/descargas\/\" \/>\n<meta property=\"og:locale\" content=\"es_ES\" \/>\n<meta property=\"og:type\" content=\"article\" \/>\n<meta property=\"og:title\" content=\"Descargas gratuitas de libros electr\u00f3nicos y materiales | Fasterm\" \/>\n<meta property=\"og:description\" content=\"Encuentre aqu\u00ed materiales descargables como libros electr\u00f3nicos, carpetas, cat\u00e1logos, manuales y presentaciones que pueden ayudarle a gestionar su negocio\" \/>\n<meta property=\"og:url\" content=\"https:\/\/fasterm.com.br\/es\/descargas\/\" \/>\n<meta property=\"og:site_name\" content=\"Fasterm\" \/>\n<meta property=\"article:modified_time\" content=\"2022-10-26T12:20:44+00:00\" \/>\n<meta name=\"twitter:card\" content=\"summary_large_image\" \/>\n<meta name=\"twitter:label1\" content=\"Tiempo de lectura\" \/>\n\t<meta name=\"twitter:data1\" content=\"3 minutos\" \/>\n<script type=\"application\/ld+json\" class=\"yoast-schema-graph\">{\"@context\":\"https:\\\/\\\/schema.org\",\"@graph\":[{\"@type\":\"WebPage\",\"@id\":\"https:\\\/\\\/fasterm.com.br\\\/es\\\/descargas\\\/\",\"url\":\"https:\\\/\\\/fasterm.com.br\\\/es\\\/descargas\\\/\",\"name\":\"Descargas gratuitas de libros electr\u00f3nicos y materiales | Fasterm\",\"isPartOf\":{\"@id\":\"https:\\\/\\\/fasterm.com.br\\\/es\\\/#website\"},\"datePublished\":\"2017-06-06T12:56:30+00:00\",\"dateModified\":\"2022-10-26T12:20:44+00:00\",\"description\":\"Encuentre aqu\u00ed materiales descargables como libros electr\u00f3nicos, carpetas, cat\u00e1logos, manuales y presentaciones que pueden ayudarle a gestionar su negocio\",\"breadcrumb\":{\"@id\":\"https:\\\/\\\/fasterm.com.br\\\/es\\\/descargas\\\/#breadcrumb\"},\"inLanguage\":\"es\",\"potentialAction\":[{\"@type\":\"ReadAction\",\"target\":[\"https:\\\/\\\/fasterm.com.br\\\/es\\\/descargas\\\/\"]}]},{\"@type\":\"BreadcrumbList\",\"@id\":\"https:\\\/\\\/fasterm.com.br\\\/es\\\/descargas\\\/#breadcrumb\",\"itemListElement\":[{\"@type\":\"ListItem\",\"position\":1,\"name\":\"Home\",\"item\":\"https:\\\/\\\/fasterm.com.br\\\/es\\\/home-es\\\/\"},{\"@type\":\"ListItem\",\"position\":2,\"name\":\"Descargas\"}]},{\"@type\":\"WebSite\",\"@id\":\"https:\\\/\\\/fasterm.com.br\\\/es\\\/#website\",\"url\":\"https:\\\/\\\/fasterm.com.br\\\/es\\\/\",\"name\":\"Fasterm\",\"description\":\"Sistema de Aquecimento de \u00e1gua\",\"potentialAction\":[{\"@type\":\"SearchAction\",\"target\":{\"@type\":\"EntryPoint\",\"urlTemplate\":\"https:\\\/\\\/fasterm.com.br\\\/es\\\/?s={search_term_string}\"},\"query-input\":{\"@type\":\"PropertyValueSpecification\",\"valueRequired\":true,\"valueName\":\"search_term_string\"}}],\"inLanguage\":\"es\"}]}<\/script>\n<!-- \/ Yoast SEO plugin. -->","yoast_head_json":{"title":"Descargas gratuitas de libros electr\u00f3nicos y materiales | Fasterm","description":"Encuentre aqu\u00ed materiales descargables como libros electr\u00f3nicos, carpetas, cat\u00e1logos, manuales y presentaciones que pueden ayudarle a gestionar su negocio","robots":{"index":"index","follow":"follow","max-snippet":"max-snippet:-1","max-image-preview":"max-image-preview:large","max-video-preview":"max-video-preview:-1"},"canonical":"https:\/\/fasterm.com.br\/es\/descargas\/","og_locale":"es_ES","og_type":"article","og_title":"Descargas gratuitas de libros electr\u00f3nicos y materiales | Fasterm","og_description":"Encuentre aqu\u00ed materiales descargables como libros electr\u00f3nicos, carpetas, cat\u00e1logos, manuales y presentaciones que pueden ayudarle a gestionar su negocio","og_url":"https:\/\/fasterm.com.br\/es\/descargas\/","og_site_name":"Fasterm","article_modified_time":"2022-10-26T12:20:44+00:00","twitter_card":"summary_large_image","twitter_misc":{"Tiempo de lectura":"3 minutos"},"schema":{"@context":"https:\/\/schema.org","@graph":[{"@type":"WebPage","@id":"https:\/\/fasterm.com.br\/es\/descargas\/","url":"https:\/\/fasterm.com.br\/es\/descargas\/","name":"Descargas gratuitas de libros electr\u00f3nicos y materiales | Fasterm","isPartOf":{"@id":"https:\/\/fasterm.com.br\/es\/#website"},"datePublished":"2017-06-06T12:56:30+00:00","dateModified":"2022-10-26T12:20:44+00:00","description":"Encuentre aqu\u00ed materiales descargables como libros electr\u00f3nicos, carpetas, cat\u00e1logos, manuales y presentaciones que pueden ayudarle a gestionar su negocio","breadcrumb":{"@id":"https:\/\/fasterm.com.br\/es\/descargas\/#breadcrumb"},"inLanguage":"es","potentialAction":[{"@type":"ReadAction","target":["https:\/\/fasterm.com.br\/es\/descargas\/"]}]},{"@type":"BreadcrumbList","@id":"https:\/\/fasterm.com.br\/es\/descargas\/#breadcrumb","itemListElement":[{"@type":"ListItem","position":1,"name":"Home","item":"https:\/\/fasterm.com.br\/es\/home-es\/"},{"@type":"ListItem","position":2,"name":"Descargas"}]},{"@type":"WebSite","@id":"https:\/\/fasterm.com.br\/es\/#website","url":"https:\/\/fasterm.com.br\/es\/","name":"Fasterm","description":"Sistema de Aquecimento de \u00e1gua","potentialAction":[{"@type":"SearchAction","target":{"@type":"EntryPoint","urlTemplate":"https:\/\/fasterm.com.br\/es\/?s={search_term_string}"},"query-input":{"@type":"PropertyValueSpecification","valueRequired":true,"valueName":"search_term_string"}}],"inLanguage":"es"}]}},"_links":{"self":[{"href":"https:\/\/fasterm.com.br\/es\/wp-json\/wp\/v2\/pages\/8231","targetHints":{"allow":["GET"]}}],"collection":[{"href":"https:\/\/fasterm.com.br\/es\/wp-json\/wp\/v2\/pages"}],"about":[{"href":"https:\/\/fasterm.com.br\/es\/wp-json\/wp\/v2\/types\/page"}],"author":[{"embeddable":true,"href":"https:\/\/fasterm.com.br\/es\/wp-json\/wp\/v2\/users\/1"}],"replies":[{"embeddable":true,"href":"https:\/\/fasterm.com.br\/es\/wp-json\/wp\/v2\/comments?post=8231"}],"version-history":[{"count":1,"href":"https:\/\/fasterm.com.br\/es\/wp-json\/wp\/v2\/pages\/8231\/revisions"}],"predecessor-version":[{"id":8234,"href":"https:\/\/fasterm.com.br\/es\/wp-json\/wp\/v2\/pages\/8231\/revisions\/8234"}],"wp:attachment":[{"href":"https:\/\/fasterm.com.br\/es\/wp-json\/wp\/v2\/media?parent=8231"}],"curies":[{"name":"wp","href":"https:\/\/api.w.org\/{rel}","templated":true}]}}