{"id":8184,"date":"2018-09-20T15:16:40","date_gmt":"2018-09-20T18:16:40","guid":{"rendered":"https:\/\/fasterm.com.br\/sistema-de-calefaccion-de-agua-para-hoteles-2\/"},"modified":"2022-10-25T17:19:03","modified_gmt":"2022-10-25T20:19:03","slug":"sistema-de-calefaccion-de-agua-para-hoteles-2","status":"publish","type":"page","link":"https:\/\/fasterm.com.br\/es\/sistema-de-calefaccion-de-agua-para-hoteles-2\/","title":{"rendered":"Sistema de calentamiento de agua del motel"},"content":{"rendered":"\n<style type=\"text\/css\" data-created_by=\"avia_inline_auto\" id=\"style-css-av-hpfsk6-c4937377695e03e4d372da61325752c8\">\n.avia-section.av-hpfsk6-c4937377695e03e4d372da61325752c8{\nbackground-repeat:no-repeat;\nbackground-image:url(https:\/\/fasterm.com.br\/wp-content\/uploads\/2021\/10\/sistema-de-aquecimento-de-agua-para-moteis-Fasterm.jpg);\nbackground-position:50% 50%;\nbackground-attachment:scroll;\n}\n<\/style>\n<div id='header-empty-section'  class='avia-section av-hpfsk6-c4937377695e03e4d372da61325752c8 main_color avia-section-default avia-no-border-styling  avia-builder-el-0  el_before_av_section  avia-builder-el-first  banner-top-aquecimento avia-bg-style-scroll av-minimum-height av-minimum-height-custom av-height-custom  container_wrap sidebar_right'  data-section-bg-repeat='no-repeat' data-av_minimum_height_px='220'><div class='container av-section-cont-open' style='height:220px'><main  role=\"main\" itemprop=\"mainContentOfPage\"  class='template-page content  av-content-small alpha units'><div class='post-entry post-entry-type-page post-entry-8184'><div class='entry-content-wrapper clearfix'>\n<\/div><\/div><\/main><!-- close content main element --><\/div><\/div><div id='av_section_2'  class='avia-section av-fls8py-5dcf0fa3a7c7e4ab46ee1882e898789c main_color avia-section-default avia-no-border-styling  avia-builder-el-1  el_after_av_section  el_before_av_section  avia-bg-style-scroll container_wrap sidebar_right'  ><div class='container av-section-cont-open' ><div class='template-page content  av-content-small alpha units'><div class='post-entry post-entry-type-page post-entry-8184'><div class='entry-content-wrapper clearfix'>\n\n<style type=\"text\/css\" data-created_by=\"avia_inline_auto\" id=\"style-css-av-e9zrzq-9b7527a1e7048046fa6b392ac6b01880\">\n#top .av-special-heading.av-e9zrzq-9b7527a1e7048046fa6b392ac6b01880{\npadding-bottom:10px;\n}\nbody .av-special-heading.av-e9zrzq-9b7527a1e7048046fa6b392ac6b01880 .av-special-heading-tag .heading-char{\nfont-size:25px;\n}\n.av-special-heading.av-e9zrzq-9b7527a1e7048046fa6b392ac6b01880 .av-subheading{\nfont-size:15px;\n}\n<\/style>\n<div  class='av-special-heading av-e9zrzq-9b7527a1e7048046fa6b392ac6b01880 av-special-heading-h1 blockquote modern-quote modern-centered  avia-builder-el-2  el_before_av_textblock  avia-builder-el-first '><h1 class='av-special-heading-tag '  itemprop=\"headline\"  >Soluci\u00f3n muy econ\u00f3mica en el calentamiento de agua para Moteles<\/h1><div class=\"special-heading-border\"><div class=\"special-heading-inner-border\"><\/div><\/div><\/div>\n<section  class='av_textblock_section av-ckozjq-93b19244c7f9754bb955a18d9a831c73 '   itemscope=\"itemscope\" itemtype=\"https:\/\/schema.org\/CreativeWork\" ><div class='avia_textblock'  itemprop=\"text\" ><p>El sistema de calentamiento de agua para moteles Fasterm es capaz de suministrar agua caliente a los hu\u00e9spedes y usuarios del motel las 24 horas del d\u00eda a 60\u25e6 grados en cualquier \u00e9poca del a\u00f1o y de forma sistem\u00e1tica es una condici\u00f3n b\u00e1sica para los empresarios y gestores que se preocupan por ofrecer un servicio de calidad.<\/p>\n<p><b>Y si el agua caliente es una comodidad esencial, en consecuencia es una inversi\u00f3n inevitable.<\/b><\/p>\n<p><span style=\"font-weight: 400;\">Todos sabemos que los moteles de todo el pa\u00eds utilizan diversas matrices energ\u00e9ticas (electricidad, madera, pellets, gas\u00f3leo, etc.) para calentar el agua del ba\u00f1o, pero sin duda la m\u00e1s habitual es el gas. Lo que muchos gestores de moteles no saben es que existe una tecnolog\u00eda mucho m\u00e1s barata y eficiente que todas estas matrices, que, cuando se utiliza, puede generar  <\/span><b>ahorro de hasta el 75%.<\/b><span style=\"font-weight: 400;\">. <\/span> <\/p>\n<p><span style=\"font-weight: 400;\">Esta es la tecnolog\u00eda de Fasterm.<\/span><\/p>\n<p><span style=\"font-weight: 400;\">La soluci\u00f3n de calentamiento de agua de Fasterm para moteles consiste en utilizar un sistema de bomba de calor (Heat Pumps), tambi\u00e9n conocido como intercambiador de calor, que funciona como un aire acondicionado a la inversa, absorbiendo el calor del ambiente y transfiri\u00e9ndolo al calentador central de agua, lo que da como resultado un agua de ba\u00f1o calentada a 60\u25e6 grados.<\/span><\/p>\n<p><span style=\"font-weight: 400;\">Descubra ahora cu\u00e1nto puede ahorrar su motel.  <a href=\"https:\/\/www.fasterm.com.br\/simulador-de-economia\/\">Utilice nuestro simulador de ahorro.<\/a><\/span><\/p>\n<p><span style=\"font-weight: 400;\">Aprovecha el ahorro generado para financiar la inversi\u00f3n.  <a href=\"https:\/\/www.fasterm.com.br\/fale-com-um-especialista\/\">Hable con un experto<\/a><\/span><\/p>\n<p><span style=\"font-weight: 400;\">\u00bfQuiere entender mejor la soluci\u00f3n de calentamiento de agua de Fasterm?  <a href=\"https:\/\/materiais.fasterm.com.br\/conheca-a-tecnologia-que-esta-revolucionando-o-aquecimento-de-agua\">\u00a1Descargue nuestro Ebook!<\/a><\/span><\/p>\n<\/div><\/section>\n\n<\/div><\/div><\/div><!-- close content main div --><\/div><\/div>\n<style type=\"text\/css\" data-created_by=\"avia_inline_auto\" id=\"style-css-av-aivg92-1eeea17a1b0193dcf4639d5387dfb1ad\">\n.avia-section.av-aivg92-1eeea17a1b0193dcf4639d5387dfb1ad{\nbackground-repeat:no-repeat;\nbackground-image:url(https:\/\/fasterm.com.br\/wp-content\/uploads\/2021\/10\/sistema-de-aquecimento-de-agua-para-moteis.jpg);\nbackground-position:50% 50%;\nbackground-attachment:scroll;\n}\n<\/style>\n<div id='av_section_3'  class='avia-section av-aivg92-1eeea17a1b0193dcf4639d5387dfb1ad alternate_color avia-section-default avia-no-border-styling  avia-builder-el-4  el_after_av_section  el_before_av_section  sem-essa-mascara avia-bg-style-scroll av-minimum-height av-minimum-height-custom av-height-custom  container_wrap sidebar_right'  data-section-bg-repeat='no-repeat' data-av_minimum_height_px='500'><div class='container av-section-cont-open' style='height:500px'><div class='template-page content  av-content-small alpha units'><div class='post-entry post-entry-type-page post-entry-8184'><div class='entry-content-wrapper clearfix'>\n<\/div><\/div><\/div><!-- close content main div --><\/div><\/div>\n<style type=\"text\/css\" data-created_by=\"avia_inline_auto\" id=\"style-css-av-95nrdy-0c9fa3cae8ee9a6b6f43e561d19d6255\">\n.avia-section.av-95nrdy-0c9fa3cae8ee9a6b6f43e561d19d6255{\nbackground-color:#cb272d;\nbackground-image:unset;\n}\n<\/style>\n<div id='especialista-section'  class='avia-section av-95nrdy-0c9fa3cae8ee9a6b6f43e561d19d6255 alternate_color avia-section-default avia-no-border-styling  avia-builder-el-5  el_after_av_section  avia-builder-el-last  paginas-aquecimento-banho avia-bg-style-scroll container_wrap sidebar_right'  ><div class='container av-section-cont-open' ><div class='template-page content  av-content-small alpha units'><div class='post-entry post-entry-type-page post-entry-8184'><div class='entry-content-wrapper clearfix'>\n<div class='flex_column_table av-t27rq-4f36705515de680d2078400bee8ecd3e sc-av_three_fifth av-equal-height-column-flextable'>\n<style type=\"text\/css\" data-created_by=\"avia_inline_auto\" id=\"style-css-av-t27rq-4f36705515de680d2078400bee8ecd3e\">\n.flex_column.av-t27rq-4f36705515de680d2078400bee8ecd3e{\nborder-radius:0px 0px 0px 0px;\npadding:0px 0px 0px 0px;\n}\n<\/style>\n<div  class='flex_column av-t27rq-4f36705515de680d2078400bee8ecd3e av_three_fifth  avia-builder-el-6  el_before_av_two_fifth  avia-builder-el-first  first flex_column_table_cell av-equal-height-column av-align-middle av-zero-column-padding  '     ><style type=\"text\/css\" data-created_by=\"avia_inline_auto\" id=\"style-css-av-av_heading-bbf24cfa7a411b9df2e35b3313a3c281\">\n#top .av-special-heading.av-av_heading-bbf24cfa7a411b9df2e35b3313a3c281{\npadding-bottom:10px;\n}\nbody .av-special-heading.av-av_heading-bbf24cfa7a411b9df2e35b3313a3c281 .av-special-heading-tag .heading-char{\nfont-size:25px;\n}\n.av-special-heading.av-av_heading-bbf24cfa7a411b9df2e35b3313a3c281 .av-subheading{\nfont-size:15px;\n}\n<\/style>\n<div  class='av-special-heading av-av_heading-bbf24cfa7a411b9df2e35b3313a3c281 av-special-heading-h2  avia-builder-el-7  avia-builder-el-no-sibling '><h2 class='av-special-heading-tag '  itemprop=\"headline\"  >Solicite ahora un c\u00e1lculo de ahorro personalizado para su motel, sin coste alguno.<\/h2><div class=\"special-heading-border\"><div class=\"special-heading-inner-border\"><\/div><\/div><\/div><\/div><div class='av-flex-placeholder'><\/div>\n<style type=\"text\/css\" data-created_by=\"avia_inline_auto\" id=\"style-css-av-4tg9ee-169931298add2be61aca05efee510a9e\">\n.flex_column.av-4tg9ee-169931298add2be61aca05efee510a9e{\nborder-radius:0px 0px 0px 0px;\npadding:0px 0px 0px 0px;\n}\n<\/style>\n<div  class='flex_column av-4tg9ee-169931298add2be61aca05efee510a9e av_two_fifth  avia-builder-el-8  el_after_av_three_fifth  avia-builder-el-last  flex_column_table_cell av-equal-height-column av-align-middle av-zero-column-padding  '     ><div  class='avia-button-wrap av-av_button-4751d0378e7cf0ca7322c664748a3eda-wrap avia-button-right  avia-builder-el-9  avia-builder-el-no-sibling '><a href='https:\/\/materiais.fasterm.com.br\/orcamento'  class='avia-button av-av_button-4751d0378e7cf0ca7322c664748a3eda av-link-btn avia-icon_select-no avia-size-large avia-position-right avia-color-theme-color'  target=\"_blank\"  rel=\"noopener noreferrer\"  aria-label=\"Hable con un especialista\"><span class='avia_iconbox_title' >Hable con un especialista<\/span><\/a><\/div><\/div><\/div><!--close column table wrapper. Autoclose: 1 --><\/div><\/div><\/div><!-- close content main div --><\/div><\/div><div id='after_section_4'  class='main_color av_default_container_wrap container_wrap sidebar_right'  ><div class='container av-section-cont-open' ><div class='template-page content  av-content-small alpha units'><div class='post-entry post-entry-type-page post-entry-8184'><div class='entry-content-wrapper clearfix'>\n","protected":false},"excerpt":{"rendered":"","protected":false},"author":7,"featured_media":0,"parent":0,"menu_order":0,"comment_status":"closed","ping_status":"closed","template":"","meta":{"inline_featured_image":false,"footnotes":""},"class_list":["post-8184","page","type-page","status-publish","hentry"],"yoast_head":"<!-- This site is optimized with the Yoast SEO plugin v27.5 - https:\/\/yoast.com\/product\/yoast-seo-wordpress\/ -->\n<title>Sistema de calentamiento de agua para moteles | Fasterm<\/title>\n<meta name=\"description\" content=\"\u00bfBusca ahorros para su motel? Conozca Fasterm y aprenda a ahorrar hasta un 75% en costes de calentamiento de agua. Descubra m\u00e1s aqu\u00ed.\" \/>\n<meta name=\"robots\" content=\"index, follow, max-snippet:-1, max-image-preview:large, max-video-preview:-1\" \/>\n<link rel=\"canonical\" href=\"https:\/\/fasterm.com.br\/es\/sistema-de-calefaccion-de-agua-para-hoteles-2\/\" \/>\n<meta property=\"og:locale\" content=\"es_ES\" \/>\n<meta property=\"og:type\" content=\"article\" \/>\n<meta property=\"og:title\" content=\"Sistema de calentamiento de agua para moteles | Fasterm\" \/>\n<meta property=\"og:description\" content=\"\u00bfBusca ahorros para su motel? Conozca Fasterm y aprenda a ahorrar hasta un 75% en costes de calentamiento de agua. Descubra m\u00e1s aqu\u00ed.\" \/>\n<meta property=\"og:url\" content=\"https:\/\/fasterm.com.br\/es\/sistema-de-calefaccion-de-agua-para-hoteles-2\/\" \/>\n<meta property=\"og:site_name\" content=\"Fasterm\" \/>\n<meta property=\"article:modified_time\" content=\"2022-10-25T20:19:03+00:00\" \/>\n<meta name=\"twitter:card\" content=\"summary_large_image\" \/>\n<meta name=\"twitter:label1\" content=\"Tiempo de lectura\" \/>\n\t<meta name=\"twitter:data1\" content=\"5 minutos\" \/>\n<script type=\"application\/ld+json\" class=\"yoast-schema-graph\">{\"@context\":\"https:\\\/\\\/schema.org\",\"@graph\":[{\"@type\":\"WebPage\",\"@id\":\"https:\\\/\\\/fasterm.com.br\\\/es\\\/sistema-de-calefaccion-de-agua-para-hoteles-2\\\/\",\"url\":\"https:\\\/\\\/fasterm.com.br\\\/es\\\/sistema-de-calefaccion-de-agua-para-hoteles-2\\\/\",\"name\":\"Sistema de calentamiento de agua para moteles | Fasterm\",\"isPartOf\":{\"@id\":\"https:\\\/\\\/fasterm.com.br\\\/es\\\/#website\"},\"datePublished\":\"2018-09-20T18:16:40+00:00\",\"dateModified\":\"2022-10-25T20:19:03+00:00\",\"description\":\"\u00bfBusca ahorros para su motel? Conozca Fasterm y aprenda a ahorrar hasta un 75% en costes de calentamiento de agua. Descubra m\u00e1s aqu\u00ed.\",\"breadcrumb\":{\"@id\":\"https:\\\/\\\/fasterm.com.br\\\/es\\\/sistema-de-calefaccion-de-agua-para-hoteles-2\\\/#breadcrumb\"},\"inLanguage\":\"es\",\"potentialAction\":[{\"@type\":\"ReadAction\",\"target\":[\"https:\\\/\\\/fasterm.com.br\\\/es\\\/sistema-de-calefaccion-de-agua-para-hoteles-2\\\/\"]}]},{\"@type\":\"BreadcrumbList\",\"@id\":\"https:\\\/\\\/fasterm.com.br\\\/es\\\/sistema-de-calefaccion-de-agua-para-hoteles-2\\\/#breadcrumb\",\"itemListElement\":[{\"@type\":\"ListItem\",\"position\":1,\"name\":\"Home\",\"item\":\"https:\\\/\\\/fasterm.com.br\\\/es\\\/home-es\\\/\"},{\"@type\":\"ListItem\",\"position\":2,\"name\":\"Sistema de calentamiento de agua del motel\"}]},{\"@type\":\"WebSite\",\"@id\":\"https:\\\/\\\/fasterm.com.br\\\/es\\\/#website\",\"url\":\"https:\\\/\\\/fasterm.com.br\\\/es\\\/\",\"name\":\"Fasterm\",\"description\":\"Sistema de Aquecimento de \u00e1gua\",\"potentialAction\":[{\"@type\":\"SearchAction\",\"target\":{\"@type\":\"EntryPoint\",\"urlTemplate\":\"https:\\\/\\\/fasterm.com.br\\\/es\\\/?s={search_term_string}\"},\"query-input\":{\"@type\":\"PropertyValueSpecification\",\"valueRequired\":true,\"valueName\":\"search_term_string\"}}],\"inLanguage\":\"es\"}]}<\/script>\n<!-- \/ Yoast SEO plugin. -->","yoast_head_json":{"title":"Sistema de calentamiento de agua para moteles | Fasterm","description":"\u00bfBusca ahorros para su motel? Conozca Fasterm y aprenda a ahorrar hasta un 75% en costes de calentamiento de agua. Descubra m\u00e1s aqu\u00ed.","robots":{"index":"index","follow":"follow","max-snippet":"max-snippet:-1","max-image-preview":"max-image-preview:large","max-video-preview":"max-video-preview:-1"},"canonical":"https:\/\/fasterm.com.br\/es\/sistema-de-calefaccion-de-agua-para-hoteles-2\/","og_locale":"es_ES","og_type":"article","og_title":"Sistema de calentamiento de agua para moteles | Fasterm","og_description":"\u00bfBusca ahorros para su motel? Conozca Fasterm y aprenda a ahorrar hasta un 75% en costes de calentamiento de agua. Descubra m\u00e1s aqu\u00ed.","og_url":"https:\/\/fasterm.com.br\/es\/sistema-de-calefaccion-de-agua-para-hoteles-2\/","og_site_name":"Fasterm","article_modified_time":"2022-10-25T20:19:03+00:00","twitter_card":"summary_large_image","twitter_misc":{"Tiempo de lectura":"5 minutos"},"schema":{"@context":"https:\/\/schema.org","@graph":[{"@type":"WebPage","@id":"https:\/\/fasterm.com.br\/es\/sistema-de-calefaccion-de-agua-para-hoteles-2\/","url":"https:\/\/fasterm.com.br\/es\/sistema-de-calefaccion-de-agua-para-hoteles-2\/","name":"Sistema de calentamiento de agua para moteles | Fasterm","isPartOf":{"@id":"https:\/\/fasterm.com.br\/es\/#website"},"datePublished":"2018-09-20T18:16:40+00:00","dateModified":"2022-10-25T20:19:03+00:00","description":"\u00bfBusca ahorros para su motel? Conozca Fasterm y aprenda a ahorrar hasta un 75% en costes de calentamiento de agua. Descubra m\u00e1s aqu\u00ed.","breadcrumb":{"@id":"https:\/\/fasterm.com.br\/es\/sistema-de-calefaccion-de-agua-para-hoteles-2\/#breadcrumb"},"inLanguage":"es","potentialAction":[{"@type":"ReadAction","target":["https:\/\/fasterm.com.br\/es\/sistema-de-calefaccion-de-agua-para-hoteles-2\/"]}]},{"@type":"BreadcrumbList","@id":"https:\/\/fasterm.com.br\/es\/sistema-de-calefaccion-de-agua-para-hoteles-2\/#breadcrumb","itemListElement":[{"@type":"ListItem","position":1,"name":"Home","item":"https:\/\/fasterm.com.br\/es\/home-es\/"},{"@type":"ListItem","position":2,"name":"Sistema de calentamiento de agua del motel"}]},{"@type":"WebSite","@id":"https:\/\/fasterm.com.br\/es\/#website","url":"https:\/\/fasterm.com.br\/es\/","name":"Fasterm","description":"Sistema de Aquecimento de \u00e1gua","potentialAction":[{"@type":"SearchAction","target":{"@type":"EntryPoint","urlTemplate":"https:\/\/fasterm.com.br\/es\/?s={search_term_string}"},"query-input":{"@type":"PropertyValueSpecification","valueRequired":true,"valueName":"search_term_string"}}],"inLanguage":"es"}]}},"_links":{"self":[{"href":"https:\/\/fasterm.com.br\/es\/wp-json\/wp\/v2\/pages\/8184","targetHints":{"allow":["GET"]}}],"collection":[{"href":"https:\/\/fasterm.com.br\/es\/wp-json\/wp\/v2\/pages"}],"about":[{"href":"https:\/\/fasterm.com.br\/es\/wp-json\/wp\/v2\/types\/page"}],"author":[{"embeddable":true,"href":"https:\/\/fasterm.com.br\/es\/wp-json\/wp\/v2\/users\/7"}],"replies":[{"embeddable":true,"href":"https:\/\/fasterm.com.br\/es\/wp-json\/wp\/v2\/comments?post=8184"}],"version-history":[{"count":1,"href":"https:\/\/fasterm.com.br\/es\/wp-json\/wp\/v2\/pages\/8184\/revisions"}],"predecessor-version":[{"id":8187,"href":"https:\/\/fasterm.com.br\/es\/wp-json\/wp\/v2\/pages\/8184\/revisions\/8187"}],"wp:attachment":[{"href":"https:\/\/fasterm.com.br\/es\/wp-json\/wp\/v2\/media?parent=8184"}],"curies":[{"name":"wp","href":"https:\/\/api.w.org\/{rel}","templated":true}]}}