{"id":8167,"date":"2021-10-28T08:32:52","date_gmt":"2021-10-28T11:32:52","guid":{"rendered":"https:\/\/fasterm.com.br\/grupo-nautilus\/"},"modified":"2022-10-25T17:18:42","modified_gmt":"2022-10-25T20:18:42","slug":"grupo-nautilus","status":"publish","type":"page","link":"https:\/\/fasterm.com.br\/es\/grupo-nautilus\/","title":{"rendered":"Grupo Nautilus"},"content":{"rendered":"<div id='av_section_1'  class='avia-section av-fb9zzb-79a85ae3cabab4d639a78dfe96cc2293 main_color avia-section-default avia-no-border-styling  avia-builder-el-0  el_before_av_section  avia-builder-el-first  avia-bg-style-scroll container_wrap sidebar_right'  ><div class='container av-section-cont-open' ><main  role=\"main\" itemprop=\"mainContentOfPage\"  class='template-page content  av-content-small alpha units'><div class='post-entry post-entry-type-page post-entry-8167'><div class='entry-content-wrapper clearfix'>\n\n<style type=\"text\/css\" data-created_by=\"avia_inline_auto\" id=\"style-css-av-dkf9nb-0448f374c9318209098f28529833acec\">\n.flex_column.av-dkf9nb-0448f374c9318209098f28529833acec{\nborder-radius:0px 0px 0px 0px;\npadding:0px 0px 0px 0px;\n}\n<\/style>\n<div  class='flex_column av-dkf9nb-0448f374c9318209098f28529833acec av_one_full  avia-builder-el-1  el_before_av_textblock  avia-builder-el-first  first flex_column_div av-zero-column-padding  '     ><style type=\"text\/css\" data-created_by=\"avia_inline_auto\" id=\"style-css-av-c2uomv-66f7a323425f2535098608799bbb627e\">\n.avia-image-container.av-c2uomv-66f7a323425f2535098608799bbb627e img.avia_image{\nbox-shadow:none;\n}\n.avia-image-container.av-c2uomv-66f7a323425f2535098608799bbb627e .av-image-caption-overlay-center{\ncolor:#ffffff;\n}\n<\/style>\n<div  class='avia-image-container av-c2uomv-66f7a323425f2535098608799bbb627e av-styling- avia-align-center  avia-builder-el-2  avia-builder-el-no-sibling '   itemprop=\"image\" itemscope=\"itemscope\" itemtype=\"https:\/\/schema.org\/ImageObject\" ><div class=\"avia-image-container-inner\"><div class=\"avia-image-overlay-wrap\"><img decoding=\"async\" fetchpriority=\"high\" class='wp-image-7625 avia-img-lazy-loading-not-7625 avia_image ' src=\"https:\/\/fasterm.com.br\/wp-content\/uploads\/2021\/10\/Foto-fabrica-Nautilus.jpg\" alt='' title='Grupo Nautilus'  height=\"768\" width=\"1366\"  itemprop=\"thumbnailUrl\" srcset=\"https:\/\/fasterm.com.br\/wp-content\/uploads\/2021\/10\/Foto-fabrica-Nautilus.jpg 1366w, https:\/\/fasterm.com.br\/wp-content\/uploads\/2021\/10\/Foto-fabrica-Nautilus-300x169.jpg 300w, https:\/\/fasterm.com.br\/wp-content\/uploads\/2021\/10\/Foto-fabrica-Nautilus-1030x579.jpg 1030w, https:\/\/fasterm.com.br\/wp-content\/uploads\/2021\/10\/Foto-fabrica-Nautilus-768x432.jpg 768w, https:\/\/fasterm.com.br\/wp-content\/uploads\/2021\/10\/Foto-fabrica-Nautilus-705x396.jpg 705w, https:\/\/fasterm.com.br\/wp-content\/uploads\/2021\/10\/Foto-fabrica-Nautilus-450x253.jpg 450w\" sizes=\"(max-width: 1366px) 100vw, 1366px\" \/><\/div><\/div><\/div><\/div><section  class='av_textblock_section av-a7vuif-3cb086deacee917895a6bd4eb671d604 '   itemscope=\"itemscope\" itemtype=\"https:\/\/schema.org\/CreativeWork\" ><div class='avia_textblock'  itemprop=\"text\" ><h1>Grupo Nautilus<\/h1>\n<p>Con m\u00e1s de 37 a\u00f1os y una trayectoria marcada por la innovaci\u00f3n constante, la adaptabilidad, la \u00e9tica y el pionerismo, <a href=\"https:\/\/nautilus.ind.br\">Nautilus<\/a> se dedica a la producci\u00f3n de equipos para piscinas, incluyendo bombas, filtros, bombas de calor y <a href=\"https:\/\/nautilus.ind.br\/categoria-produto\/automacao\/gerador-de-cloro-easyclor-automacao\">generadores de cloro<\/a>. Nautilus es la primera empresa que fabrica el filtro rotomoldeado y las bombas de calor para piscinas en Brasil.<\/p>\n<p>En la actualidad, la empresa cuenta con cientos de productos en diversas categor\u00edas, como tratamiento, automatizaci\u00f3n, calefacci\u00f3n, iluminaci\u00f3n, mantenimiento e instalaci\u00f3n. Adem\u00e1s, cuenta con m\u00e1s de 2.000 excelentes revendedores repartidos por todo Brasil.<\/p>\n<h2>LA MARCA FASTERM<\/h2>\n<p> <a href=\"https:\/\/www.fasterm.com.br\/\">Fasterm<\/a> forma parte del Grupo Nautilus desde 2007. Se trata de una marca que ofrece soluciones econ\u00f3micas en el calentamiento del agua para el ba\u00f1o, a trav\u00e9s de la tecnolog\u00eda de <a href=\"https:\/\/www.fasterm.com.br\/bomba-de-calor-ft-105-fasterm-2\/\">la bomba de calor<\/a>, para los clientes que poseen negocios como hoteles, moteles, hospitales y condominios.<\/p>\n<\/div><\/section>\n\n<\/div><\/div><\/main><!-- close content main element --><\/div><\/div>\n<style type=\"text\/css\" data-created_by=\"avia_inline_auto\" id=\"style-css-av-8iscev-be4cce3deafd79cce1c35b07ace4e9dd\">\n.avia-section.av-8iscev-be4cce3deafd79cce1c35b07ace4e9dd{\nbackground-color:#44c9f6;\nbackground-image:unset;\n}\n<\/style>\n<div id='especialista-section'  class='avia-section av-8iscev-be4cce3deafd79cce1c35b07ace4e9dd alternate_color avia-section-default avia-no-border-styling  avia-builder-el-4  el_after_av_section  avia-builder-el-last  paginas-aquecimento-banho avia-bg-style-scroll container_wrap sidebar_right'  ><div class='container av-section-cont-open' ><div class='template-page content  av-content-small alpha units'><div class='post-entry post-entry-type-page post-entry-8167'><div class='entry-content-wrapper clearfix'>\n<div class='flex_column_table av-7p13lj-1dbe6e431505b91d2b001a1f9caef330 sc-av_three_fifth av-equal-height-column-flextable'>\n<style type=\"text\/css\" data-created_by=\"avia_inline_auto\" id=\"style-css-av-7p13lj-1dbe6e431505b91d2b001a1f9caef330\">\n.flex_column.av-7p13lj-1dbe6e431505b91d2b001a1f9caef330{\nborder-radius:0px 0px 0px 0px;\npadding:0px 0px 0px 0px;\n}\n<\/style>\n<div  class='flex_column av-7p13lj-1dbe6e431505b91d2b001a1f9caef330 av_three_fifth  avia-builder-el-5  el_before_av_two_fifth  avia-builder-el-first  first flex_column_table_cell av-equal-height-column av-align-middle av-zero-column-padding  '     ><style type=\"text\/css\" data-created_by=\"avia_inline_auto\" id=\"style-css-av-k2mmf-cc24a76a19c25f9fa075969c8c2e1b88\">\n#top .av-special-heading.av-k2mmf-cc24a76a19c25f9fa075969c8c2e1b88{\npadding-bottom:10px;\n}\nbody .av-special-heading.av-k2mmf-cc24a76a19c25f9fa075969c8c2e1b88 .av-special-heading-tag .heading-char{\nfont-size:25px;\n}\n.av-special-heading.av-k2mmf-cc24a76a19c25f9fa075969c8c2e1b88 .av-subheading{\nfont-size:15px;\n}\n<\/style>\n<div  class='av-special-heading av-k2mmf-cc24a76a19c25f9fa075969c8c2e1b88 av-special-heading-h2  avia-builder-el-6  avia-builder-el-no-sibling '><h2 class='av-special-heading-tag '  itemprop=\"headline\"  >Con las bombas de calor Fasterm se consigue un mayor ahorro. Pida un c\u00e1lculo sin compromiso.<\/h2><div class=\"special-heading-border\"><div class=\"special-heading-inner-border\"><\/div><\/div><\/div><\/div><div class='av-flex-placeholder'><\/div>\n<style type=\"text\/css\" data-created_by=\"avia_inline_auto\" id=\"style-css-av-4kgo93-65b9bf3d9653567c0487cbcc0804294c\">\n.flex_column.av-4kgo93-65b9bf3d9653567c0487cbcc0804294c{\nborder-radius:0px 0px 0px 0px;\npadding:0px 0px 0px 0px;\n}\n<\/style>\n<div  class='flex_column av-4kgo93-65b9bf3d9653567c0487cbcc0804294c av_two_fifth  avia-builder-el-7  el_after_av_three_fifth  avia-builder-el-last  flex_column_table_cell av-equal-height-column av-align-middle av-zero-column-padding  '     ><div  class='avia-button-wrap av-20xpfb-18e736c47123ee36aa01f9984035fbb5-wrap avia-button-right  avia-builder-el-8  avia-builder-el-no-sibling '><a href=''  class='avia-button av-20xpfb-18e736c47123ee36aa01f9984035fbb5 av-link-btn avia-icon_select-no avia-size-large avia-position-right avia-color-theme-color'   aria-label=\"Hable con un especialista\"><span class='avia_iconbox_title' >Hable con un especialista<\/span><\/a><\/div><\/div><\/div><!--close column table wrapper. Autoclose: 1 --><\/div><\/div><\/div><!-- close content main div --><\/div><\/div><div id='after_section_2'  class='main_color av_default_container_wrap container_wrap sidebar_right'  ><div class='container av-section-cont-open' ><div class='template-page content  av-content-small alpha units'><div class='post-entry post-entry-type-page post-entry-8167'><div class='entry-content-wrapper clearfix'>\n","protected":false},"excerpt":{"rendered":"","protected":false},"author":1,"featured_media":0,"parent":0,"menu_order":0,"comment_status":"closed","ping_status":"closed","template":"","meta":{"inline_featured_image":false,"footnotes":""},"class_list":["post-8167","page","type-page","status-publish","hentry"],"yoast_head":"<!-- This site is optimized with the Yoast SEO plugin v27.5 - https:\/\/yoast.com\/product\/yoast-seo-wordpress\/ -->\n<title>Grupo Nautilus: Descubra la marca Fasterm<\/title>\n<meta name=\"description\" content=\"Fasterm forma parte del Grupo Nautilus desde 2007. Se trata de una marca que ofrece soluciones econ\u00f3micas para el calentamiento del agua.\" \/>\n<meta name=\"robots\" content=\"index, follow, max-snippet:-1, max-image-preview:large, max-video-preview:-1\" \/>\n<link rel=\"canonical\" href=\"https:\/\/fasterm.com.br\/es\/grupo-nautilus\/\" \/>\n<meta property=\"og:locale\" content=\"es_ES\" \/>\n<meta property=\"og:type\" content=\"article\" \/>\n<meta property=\"og:title\" content=\"Grupo Nautilus: Descubra la marca Fasterm\" \/>\n<meta property=\"og:description\" content=\"Fasterm forma parte del Grupo Nautilus desde 2007. Se trata de una marca que ofrece soluciones econ\u00f3micas para el calentamiento del agua.\" \/>\n<meta property=\"og:url\" content=\"https:\/\/fasterm.com.br\/es\/grupo-nautilus\/\" \/>\n<meta property=\"og:site_name\" content=\"Fasterm\" \/>\n<meta property=\"article:modified_time\" content=\"2022-10-25T20:18:42+00:00\" \/>\n<meta name=\"twitter:card\" content=\"summary_large_image\" \/>\n<meta name=\"twitter:label1\" content=\"Tiempo de lectura\" \/>\n\t<meta name=\"twitter:data1\" content=\"4 minutos\" \/>\n<script type=\"application\/ld+json\" class=\"yoast-schema-graph\">{\"@context\":\"https:\\\/\\\/schema.org\",\"@graph\":[{\"@type\":\"WebPage\",\"@id\":\"https:\\\/\\\/fasterm.com.br\\\/es\\\/grupo-nautilus\\\/\",\"url\":\"https:\\\/\\\/fasterm.com.br\\\/es\\\/grupo-nautilus\\\/\",\"name\":\"Grupo Nautilus: Descubra la marca Fasterm\",\"isPartOf\":{\"@id\":\"https:\\\/\\\/fasterm.com.br\\\/es\\\/#website\"},\"datePublished\":\"2021-10-28T11:32:52+00:00\",\"dateModified\":\"2022-10-25T20:18:42+00:00\",\"description\":\"Fasterm forma parte del Grupo Nautilus desde 2007. Se trata de una marca que ofrece soluciones econ\u00f3micas para el calentamiento del agua.\",\"breadcrumb\":{\"@id\":\"https:\\\/\\\/fasterm.com.br\\\/es\\\/grupo-nautilus\\\/#breadcrumb\"},\"inLanguage\":\"es\",\"potentialAction\":[{\"@type\":\"ReadAction\",\"target\":[\"https:\\\/\\\/fasterm.com.br\\\/es\\\/grupo-nautilus\\\/\"]}]},{\"@type\":\"BreadcrumbList\",\"@id\":\"https:\\\/\\\/fasterm.com.br\\\/es\\\/grupo-nautilus\\\/#breadcrumb\",\"itemListElement\":[{\"@type\":\"ListItem\",\"position\":1,\"name\":\"Home\",\"item\":\"https:\\\/\\\/fasterm.com.br\\\/es\\\/home-es\\\/\"},{\"@type\":\"ListItem\",\"position\":2,\"name\":\"Grupo Nautilus\"}]},{\"@type\":\"WebSite\",\"@id\":\"https:\\\/\\\/fasterm.com.br\\\/es\\\/#website\",\"url\":\"https:\\\/\\\/fasterm.com.br\\\/es\\\/\",\"name\":\"Fasterm\",\"description\":\"Sistema de Aquecimento de \u00e1gua\",\"potentialAction\":[{\"@type\":\"SearchAction\",\"target\":{\"@type\":\"EntryPoint\",\"urlTemplate\":\"https:\\\/\\\/fasterm.com.br\\\/es\\\/?s={search_term_string}\"},\"query-input\":{\"@type\":\"PropertyValueSpecification\",\"valueRequired\":true,\"valueName\":\"search_term_string\"}}],\"inLanguage\":\"es\"}]}<\/script>\n<!-- \/ Yoast SEO plugin. -->","yoast_head_json":{"title":"Grupo Nautilus: Descubra la marca Fasterm","description":"Fasterm forma parte del Grupo Nautilus desde 2007. Se trata de una marca que ofrece soluciones econ\u00f3micas para el calentamiento del agua.","robots":{"index":"index","follow":"follow","max-snippet":"max-snippet:-1","max-image-preview":"max-image-preview:large","max-video-preview":"max-video-preview:-1"},"canonical":"https:\/\/fasterm.com.br\/es\/grupo-nautilus\/","og_locale":"es_ES","og_type":"article","og_title":"Grupo Nautilus: Descubra la marca Fasterm","og_description":"Fasterm forma parte del Grupo Nautilus desde 2007. Se trata de una marca que ofrece soluciones econ\u00f3micas para el calentamiento del agua.","og_url":"https:\/\/fasterm.com.br\/es\/grupo-nautilus\/","og_site_name":"Fasterm","article_modified_time":"2022-10-25T20:18:42+00:00","twitter_card":"summary_large_image","twitter_misc":{"Tiempo de lectura":"4 minutos"},"schema":{"@context":"https:\/\/schema.org","@graph":[{"@type":"WebPage","@id":"https:\/\/fasterm.com.br\/es\/grupo-nautilus\/","url":"https:\/\/fasterm.com.br\/es\/grupo-nautilus\/","name":"Grupo Nautilus: Descubra la marca Fasterm","isPartOf":{"@id":"https:\/\/fasterm.com.br\/es\/#website"},"datePublished":"2021-10-28T11:32:52+00:00","dateModified":"2022-10-25T20:18:42+00:00","description":"Fasterm forma parte del Grupo Nautilus desde 2007. Se trata de una marca que ofrece soluciones econ\u00f3micas para el calentamiento del agua.","breadcrumb":{"@id":"https:\/\/fasterm.com.br\/es\/grupo-nautilus\/#breadcrumb"},"inLanguage":"es","potentialAction":[{"@type":"ReadAction","target":["https:\/\/fasterm.com.br\/es\/grupo-nautilus\/"]}]},{"@type":"BreadcrumbList","@id":"https:\/\/fasterm.com.br\/es\/grupo-nautilus\/#breadcrumb","itemListElement":[{"@type":"ListItem","position":1,"name":"Home","item":"https:\/\/fasterm.com.br\/es\/home-es\/"},{"@type":"ListItem","position":2,"name":"Grupo Nautilus"}]},{"@type":"WebSite","@id":"https:\/\/fasterm.com.br\/es\/#website","url":"https:\/\/fasterm.com.br\/es\/","name":"Fasterm","description":"Sistema de Aquecimento de \u00e1gua","potentialAction":[{"@type":"SearchAction","target":{"@type":"EntryPoint","urlTemplate":"https:\/\/fasterm.com.br\/es\/?s={search_term_string}"},"query-input":{"@type":"PropertyValueSpecification","valueRequired":true,"valueName":"search_term_string"}}],"inLanguage":"es"}]}},"_links":{"self":[{"href":"https:\/\/fasterm.com.br\/es\/wp-json\/wp\/v2\/pages\/8167","targetHints":{"allow":["GET"]}}],"collection":[{"href":"https:\/\/fasterm.com.br\/es\/wp-json\/wp\/v2\/pages"}],"about":[{"href":"https:\/\/fasterm.com.br\/es\/wp-json\/wp\/v2\/types\/page"}],"author":[{"embeddable":true,"href":"https:\/\/fasterm.com.br\/es\/wp-json\/wp\/v2\/users\/1"}],"replies":[{"embeddable":true,"href":"https:\/\/fasterm.com.br\/es\/wp-json\/wp\/v2\/comments?post=8167"}],"version-history":[{"count":1,"href":"https:\/\/fasterm.com.br\/es\/wp-json\/wp\/v2\/pages\/8167\/revisions"}],"predecessor-version":[{"id":8170,"href":"https:\/\/fasterm.com.br\/es\/wp-json\/wp\/v2\/pages\/8167\/revisions\/8170"}],"wp:attachment":[{"href":"https:\/\/fasterm.com.br\/es\/wp-json\/wp\/v2\/media?parent=8167"}],"curies":[{"name":"wp","href":"https:\/\/api.w.org\/{rel}","templated":true}]}}