{"id":8141,"date":"2021-12-14T14:06:05","date_gmt":"2021-12-14T17:06:05","guid":{"rendered":"https:\/\/fasterm.com.br\/politica-de-cookies\/"},"modified":"2024-01-11T10:56:32","modified_gmt":"2024-01-11T13:56:32","slug":"politica-de-cookies","status":"publish","type":"page","link":"https:\/\/fasterm.com.br\/es\/politica-de-cookies\/","title":{"rendered":"Pol\u00edtica de cookies"},"content":{"rendered":"<div class=\"cli_pg_page_contaner\">\n<h1>Pol\u00edtica de cookies de Fasterm<\/h1>\n<div>Esta Pol\u00edtica de Cookies explica qu\u00e9 son las cookies y c\u00f3mo las utilizamos. Debe leer esta pol\u00edtica para entender qu\u00e9 son las cookies, c\u00f3mo las usamos, los tipos de cookies que utilizamos, es decir, la informaci\u00f3n que recopilamos mediante las cookies y c\u00f3mo se utiliza esa informaci\u00f3n y c\u00f3mo controlar las preferencias de las cookies. Para m\u00e1s informaci\u00f3n sobre c\u00f3mo utilizamos, almacenamos y mantenemos seguros sus datos personales, consulte nuestra <a href=\"https:\/\/www.fasterm.com.br\/politica-de-privacidade\/\">Pol\u00edtica de Privacidad<\/a>. Usted puede en cualquier momento cambiar o retirar su consentimiento de la Declaraci\u00f3n de Cookies en nuestro sitio web. Para saber m\u00e1s sobre qui\u00e9nes somos, c\u00f3mo puede ponerse en contacto con nosotros y c\u00f3mo tratamos los datos personales, consulte nuestra Pol\u00edtica de Privacidad. Su consentimiento se aplica a los siguientes dominios: www.fasterm.com.br[user_consent_state]<\/div>\n<div><\/div>\n<p>&nbsp;<\/p>\n<h2>\u00bfQu\u00e9 son las cookies?<\/h2>\n<div>Las cookies son peque\u00f1os archivos de texto que se utilizan para almacenar peque\u00f1as piezas de informaci\u00f3n. Las cookies se almacenan en su dispositivo cuando el sitio web se carga en su navegador. Estas cookies nos ayudan a que el sitio funcione correctamente, a que sea m\u00e1s seguro, a ofrecer una mejor experiencia al usuario y a entender c\u00f3mo funciona el sitio y analizar qu\u00e9 funciona y qu\u00e9 debe mejorarse.<\/div>\n<div><\/div>\n<p>&nbsp;<\/p>\n<h3>\u00bfC\u00f3mo utilizamos las cookies?<\/h3>\n<div>Al igual que la mayor\u00eda de los servicios en l\u00ednea, nuestro sitio web utiliza cookies propias y de terceros para diversos fines. Las cookies primarias son principalmente necesarias para el correcto funcionamiento del sitio web y no recogen ninguno de sus datos personales identificables. Las cookies de terceros que se utilizan en nuestros sitios web se emplean principalmente para entender c\u00f3mo funciona el sitio web, c\u00f3mo interact\u00faa usted con nuestro sitio web, mantener nuestros servicios seguros, proporcionar anuncios que sean relevantes para usted y, en definitiva, proporcionarle una experiencia de usuario mejorada y ayudar a agilizar sus futuras interacciones con nuestro sitio web.<\/div>\n<div><\/div>\n<p>&nbsp;<\/p>\n<h3>\u00bfQu\u00e9 tipos de cookies utilizamos?<\/h3>\n<div>\n<p>Las cookies utilizadas en nuestro sitio web se agrupan en las siguientes categor\u00edas.<\/p>\n<p>[cookie_category]La siguiente lista detalla las cookies utilizadas en nuestro sitio web.<br \/>\n[cookie_audit_category columns=\u00bbcookie,description\u00bb]<\/p>\n<\/div>\n<div><\/div>\n<p>&nbsp;<\/p>\n<h3>\u00bfC\u00f3mo puedo controlar las preferencias de las cookies?<\/h3>\n<div>Puede gestionar sus preferencias de cookies haciendo clic en el bot\u00f3n \u00abConfiguraci\u00f3n\u00bb y activando o desactivando las categor\u00edas de cookies en la ventana emergente seg\u00fan sus preferencias. Si decide cambiar sus preferencias m\u00e1s tarde durante su sesi\u00f3n de navegaci\u00f3n, puede hacer clic en la pesta\u00f1a \u00abPol\u00edtica de privacidad y cookies\u00bb de su pantalla. Esto mostrar\u00e1 de nuevo el aviso de consentimiento, permiti\u00e9ndole cambiar sus preferencias o retirar su consentimiento por completo. Adem\u00e1s, los distintos navegadores ofrecen diferentes m\u00e9todos para bloquear y eliminar las cookies utilizadas por los sitios web. Puede cambiar la configuraci\u00f3n de su navegador para bloquear o eliminar las cookies. Para obtener m\u00e1s informaci\u00f3n sobre la gesti\u00f3n y eliminaci\u00f3n de cookies, visite <a href=\"https:\/\/pt.wikipedia.org\/wiki\/Cookie_(inform%C3%A1tica)\">wikipedia.org<\/a>, <a href=\"https:\/\/www.allaboutcookies.org\/\">www.allaboutcookies.org<\/a>.<\/div>\n<p>[webtoffee_powered_by]<\/p>\n<\/div>\n","protected":false},"excerpt":{"rendered":"<p>Pol\u00edtica de cookies de Fasterm Esta Pol\u00edtica de Cookies explica qu\u00e9 son las cookies y c\u00f3mo las utilizamos. Debe leer esta pol\u00edtica para entender qu\u00e9 son las cookies, c\u00f3mo las usamos, los tipos de cookies que utilizamos, es decir, la informaci\u00f3n que recopilamos mediante las cookies y c\u00f3mo se utiliza esa informaci\u00f3n y c\u00f3mo controlar [&hellip;]<\/p>\n","protected":false},"author":1,"featured_media":0,"parent":0,"menu_order":0,"comment_status":"closed","ping_status":"closed","template":"","meta":{"inline_featured_image":false,"footnotes":""},"class_list":["post-8141","page","type-page","status-publish","hentry"],"yoast_head":"<!-- This site is optimized with the Yoast SEO plugin v27.5 - https:\/\/yoast.com\/product\/yoast-seo-wordpress\/ -->\n<title>Pol\u00edtica de privacidad | LGPD | Fasterm<\/title>\n<meta name=\"description\" content=\"La Pol\u00edtica de Cookies de Fasterm describe qu\u00e9 son las Cookies y c\u00f3mo son los archivos que se guardan en su ordenador o dispositivo.\" \/>\n<meta name=\"robots\" content=\"index, follow, max-snippet:-1, max-image-preview:large, max-video-preview:-1\" \/>\n<link rel=\"canonical\" href=\"https:\/\/fasterm.com.br\/es\/politica-de-cookies\/\" \/>\n<meta property=\"og:locale\" content=\"es_ES\" \/>\n<meta property=\"og:type\" content=\"article\" \/>\n<meta property=\"og:title\" content=\"Pol\u00edtica de privacidad | LGPD | Fasterm\" \/>\n<meta property=\"og:description\" content=\"La Pol\u00edtica de Cookies de Fasterm describe qu\u00e9 son las Cookies y c\u00f3mo son los archivos que se guardan en su ordenador o dispositivo.\" \/>\n<meta property=\"og:url\" content=\"https:\/\/fasterm.com.br\/es\/politica-de-cookies\/\" \/>\n<meta property=\"og:site_name\" content=\"Fasterm\" \/>\n<meta property=\"article:modified_time\" content=\"2024-01-11T13:56:32+00:00\" \/>\n<meta name=\"twitter:card\" content=\"summary_large_image\" \/>\n<meta name=\"twitter:label1\" content=\"Tiempo de lectura\" \/>\n\t<meta name=\"twitter:data1\" content=\"3 minutos\" \/>\n<script type=\"application\/ld+json\" class=\"yoast-schema-graph\">{\"@context\":\"https:\\\/\\\/schema.org\",\"@graph\":[{\"@type\":\"WebPage\",\"@id\":\"https:\\\/\\\/fasterm.com.br\\\/es\\\/politica-de-cookies\\\/\",\"url\":\"https:\\\/\\\/fasterm.com.br\\\/es\\\/politica-de-cookies\\\/\",\"name\":\"Pol\u00edtica de privacidad | LGPD | Fasterm\",\"isPartOf\":{\"@id\":\"https:\\\/\\\/fasterm.com.br\\\/es\\\/#website\"},\"datePublished\":\"2021-12-14T17:06:05+00:00\",\"dateModified\":\"2024-01-11T13:56:32+00:00\",\"description\":\"La Pol\u00edtica de Cookies de Fasterm describe qu\u00e9 son las Cookies y c\u00f3mo son los archivos que se guardan en su ordenador o dispositivo.\",\"breadcrumb\":{\"@id\":\"https:\\\/\\\/fasterm.com.br\\\/es\\\/politica-de-cookies\\\/#breadcrumb\"},\"inLanguage\":\"es\",\"potentialAction\":[{\"@type\":\"ReadAction\",\"target\":[\"https:\\\/\\\/fasterm.com.br\\\/es\\\/politica-de-cookies\\\/\"]}]},{\"@type\":\"BreadcrumbList\",\"@id\":\"https:\\\/\\\/fasterm.com.br\\\/es\\\/politica-de-cookies\\\/#breadcrumb\",\"itemListElement\":[{\"@type\":\"ListItem\",\"position\":1,\"name\":\"Home\",\"item\":\"https:\\\/\\\/fasterm.com.br\\\/es\\\/home-es\\\/\"},{\"@type\":\"ListItem\",\"position\":2,\"name\":\"Pol\u00edtica de cookies\"}]},{\"@type\":\"WebSite\",\"@id\":\"https:\\\/\\\/fasterm.com.br\\\/es\\\/#website\",\"url\":\"https:\\\/\\\/fasterm.com.br\\\/es\\\/\",\"name\":\"Fasterm\",\"description\":\"Sistema de Aquecimento de \u00e1gua\",\"potentialAction\":[{\"@type\":\"SearchAction\",\"target\":{\"@type\":\"EntryPoint\",\"urlTemplate\":\"https:\\\/\\\/fasterm.com.br\\\/es\\\/?s={search_term_string}\"},\"query-input\":{\"@type\":\"PropertyValueSpecification\",\"valueRequired\":true,\"valueName\":\"search_term_string\"}}],\"inLanguage\":\"es\"}]}<\/script>\n<!-- \/ Yoast SEO plugin. -->","yoast_head_json":{"title":"Pol\u00edtica de privacidad | LGPD | Fasterm","description":"La Pol\u00edtica de Cookies de Fasterm describe qu\u00e9 son las Cookies y c\u00f3mo son los archivos que se guardan en su ordenador o dispositivo.","robots":{"index":"index","follow":"follow","max-snippet":"max-snippet:-1","max-image-preview":"max-image-preview:large","max-video-preview":"max-video-preview:-1"},"canonical":"https:\/\/fasterm.com.br\/es\/politica-de-cookies\/","og_locale":"es_ES","og_type":"article","og_title":"Pol\u00edtica de privacidad | LGPD | Fasterm","og_description":"La Pol\u00edtica de Cookies de Fasterm describe qu\u00e9 son las Cookies y c\u00f3mo son los archivos que se guardan en su ordenador o dispositivo.","og_url":"https:\/\/fasterm.com.br\/es\/politica-de-cookies\/","og_site_name":"Fasterm","article_modified_time":"2024-01-11T13:56:32+00:00","twitter_card":"summary_large_image","twitter_misc":{"Tiempo de lectura":"3 minutos"},"schema":{"@context":"https:\/\/schema.org","@graph":[{"@type":"WebPage","@id":"https:\/\/fasterm.com.br\/es\/politica-de-cookies\/","url":"https:\/\/fasterm.com.br\/es\/politica-de-cookies\/","name":"Pol\u00edtica de privacidad | LGPD | Fasterm","isPartOf":{"@id":"https:\/\/fasterm.com.br\/es\/#website"},"datePublished":"2021-12-14T17:06:05+00:00","dateModified":"2024-01-11T13:56:32+00:00","description":"La Pol\u00edtica de Cookies de Fasterm describe qu\u00e9 son las Cookies y c\u00f3mo son los archivos que se guardan en su ordenador o dispositivo.","breadcrumb":{"@id":"https:\/\/fasterm.com.br\/es\/politica-de-cookies\/#breadcrumb"},"inLanguage":"es","potentialAction":[{"@type":"ReadAction","target":["https:\/\/fasterm.com.br\/es\/politica-de-cookies\/"]}]},{"@type":"BreadcrumbList","@id":"https:\/\/fasterm.com.br\/es\/politica-de-cookies\/#breadcrumb","itemListElement":[{"@type":"ListItem","position":1,"name":"Home","item":"https:\/\/fasterm.com.br\/es\/home-es\/"},{"@type":"ListItem","position":2,"name":"Pol\u00edtica de cookies"}]},{"@type":"WebSite","@id":"https:\/\/fasterm.com.br\/es\/#website","url":"https:\/\/fasterm.com.br\/es\/","name":"Fasterm","description":"Sistema de Aquecimento de \u00e1gua","potentialAction":[{"@type":"SearchAction","target":{"@type":"EntryPoint","urlTemplate":"https:\/\/fasterm.com.br\/es\/?s={search_term_string}"},"query-input":{"@type":"PropertyValueSpecification","valueRequired":true,"valueName":"search_term_string"}}],"inLanguage":"es"}]}},"_links":{"self":[{"href":"https:\/\/fasterm.com.br\/es\/wp-json\/wp\/v2\/pages\/8141","targetHints":{"allow":["GET"]}}],"collection":[{"href":"https:\/\/fasterm.com.br\/es\/wp-json\/wp\/v2\/pages"}],"about":[{"href":"https:\/\/fasterm.com.br\/es\/wp-json\/wp\/v2\/types\/page"}],"author":[{"embeddable":true,"href":"https:\/\/fasterm.com.br\/es\/wp-json\/wp\/v2\/users\/1"}],"replies":[{"embeddable":true,"href":"https:\/\/fasterm.com.br\/es\/wp-json\/wp\/v2\/comments?post=8141"}],"version-history":[{"count":2,"href":"https:\/\/fasterm.com.br\/es\/wp-json\/wp\/v2\/pages\/8141\/revisions"}],"predecessor-version":[{"id":9718,"href":"https:\/\/fasterm.com.br\/es\/wp-json\/wp\/v2\/pages\/8141\/revisions\/9718"}],"wp:attachment":[{"href":"https:\/\/fasterm.com.br\/es\/wp-json\/wp\/v2\/media?parent=8141"}],"curies":[{"name":"wp","href":"https:\/\/api.w.org\/{rel}","templated":true}]}}