{"id":8075,"date":"2021-12-28T08:30:48","date_gmt":"2021-12-28T11:30:48","guid":{"rendered":"https:\/\/fasterm.com.br\/sistema-de-calefaccion-de-agua-para-hoteles\/"},"modified":"2022-10-25T16:25:58","modified_gmt":"2022-10-25T19:25:58","slug":"sistema-de-calefaccion-de-agua-para-hoteles","status":"publish","type":"page","link":"https:\/\/fasterm.com.br\/es\/sistema-de-calefaccion-de-agua-para-hoteles\/","title":{"rendered":"Sistema de calentamiento de agua para hoteles"},"content":{"rendered":"\n<style type=\"text\/css\" data-created_by=\"avia_inline_auto\" id=\"style-css-av-hcjbux-3089e42b0600078da2e991ad2d8e50bf\">\n.avia-section.av-hcjbux-3089e42b0600078da2e991ad2d8e50bf{\nbackground-repeat:no-repeat;\nbackground-image:url(https:\/\/fasterm.com.br\/wp-content\/uploads\/2021\/10\/sistema-de-aquecimento-de-agua-para-hoteis-Fasterm.jpg);\nbackground-position:50% 50%;\nbackground-attachment:scroll;\n}\n<\/style>\n<div id='header-empty-section'  class='avia-section av-hcjbux-3089e42b0600078da2e991ad2d8e50bf main_color avia-section-default avia-no-border-styling  avia-builder-el-0  el_before_av_section  avia-builder-el-first  banner-top-aquecimento avia-bg-style-scroll av-minimum-height av-minimum-height-custom av-height-custom  container_wrap sidebar_right'  data-section-bg-repeat='no-repeat' data-av_minimum_height_px='220'><div class='container av-section-cont-open' style='height:220px'><main  role=\"main\" itemprop=\"mainContentOfPage\"  class='template-page content  av-content-small alpha units'><div class='post-entry post-entry-type-page post-entry-8075'><div class='entry-content-wrapper clearfix'>\n<\/div><\/div><\/main><!-- close content main element --><\/div><\/div><div id='av_section_2'  class='avia-section av-fdfbd5-bdbf27e5503fa257936736ccb78368d3 main_color avia-section-default avia-no-border-styling  avia-builder-el-1  el_after_av_section  el_before_av_section  avia-bg-style-scroll container_wrap sidebar_right'  ><div class='container av-section-cont-open' ><div class='template-page content  av-content-small alpha units'><div class='post-entry post-entry-type-page post-entry-8075'><div class='entry-content-wrapper clearfix'>\n\n<style type=\"text\/css\" data-created_by=\"avia_inline_auto\" id=\"style-css-av-dhtrc9-b9afb0f7e1b7d7b7a7b983adb9f5ddca\">\n#top .av-special-heading.av-dhtrc9-b9afb0f7e1b7d7b7a7b983adb9f5ddca{\npadding-bottom:10px;\n}\nbody .av-special-heading.av-dhtrc9-b9afb0f7e1b7d7b7a7b983adb9f5ddca .av-special-heading-tag .heading-char{\nfont-size:25px;\n}\n.av-special-heading.av-dhtrc9-b9afb0f7e1b7d7b7a7b983adb9f5ddca .av-subheading{\nfont-size:15px;\n}\n<\/style>\n<div  class='av-special-heading av-dhtrc9-b9afb0f7e1b7d7b7a7b983adb9f5ddca av-special-heading-h1 blockquote modern-quote modern-centered  avia-builder-el-2  el_before_av_textblock  avia-builder-el-first '><h1 class='av-special-heading-tag '  itemprop=\"headline\"  >Sistema de calentamiento de agua para hoteles<\/h1><div class=\"special-heading-border\"><div class=\"special-heading-inner-border\"><\/div><\/div><\/div>\n<section  class='av_textblock_section av-19ufah-bf62e297c769d4ea3272aa2e0a63ec51 '   itemscope=\"itemscope\" itemtype=\"https:\/\/schema.org\/CreativeWork\" ><div class='avia_textblock'  itemprop=\"text\" ><p>Invertir en un sistema de calentamiento de agua para hoteles que garantice el bienestar de sus clientes es un gran reto. Las bombas de calor de Fasterm ponen a<span style=\"font-weight: 400;\">disposici\u00f3n de los hu\u00e9spedes y usuarios del hotel agua caliente las 24 horas del d\u00eda a 60\u25e6 grados en cualquier \u00e9poca del a\u00f1o y de forma sistem\u00e1tica.<\/span><\/p>\n<p><b>El agua caliente es una comodidad esencial y tambi\u00e9n una inversi\u00f3n para el hotel<\/b><\/p>\n<p><span style=\"font-weight: 400;\">Todos sabemos que los hoteles y empresas similares de todo el pa\u00eds utilizan diversas matrices energ\u00e9ticas (electricidad, le\u00f1a, pellets, gas\u00f3leo, etc.) para calentar el agua del ba\u00f1o, pero sin duda la m\u00e1s habitual es el gas. Lo que muchos gestores de hoteles no saben es que la tecnolog\u00eda de la bomba de calor es mucho m\u00e1s econ\u00f3mica y eficiente que todos estos conjuntos, que, cuando se utilizan, pueden generar  <\/span><b>ahorro de hasta el 75%.<\/b><span style=\"font-weight: 400;\">. <\/span> <\/p>\n<h2><span style=\"font-weight: 400;\">Bombas de calor para hoteles<\/span><\/h2>\n<p>La <span style=\"font-weight: 400;\">soluci\u00f3n de calentamiento de agua de Fasterm para hoteles consiste en utilizar un sistema de bomba de calor (Heat Pumps), tambi\u00e9n conocido como intercambiador de calor<\/span>, el sistema calienta el agua extrayendo el calor del aire. De este modo, no hay gastos de gas, gas\u00f3leo, le\u00f1a u otros tipos de combustible, y la electricidad s\u00f3lo se utiliza como fuente de energ\u00eda para mantener el aparato en funcionamiento.<\/p>\n<p>Las bombas de calor funcionan con energ\u00eda limpia y renovable, y no emiten gases, humos ni ning\u00fan tipo de part\u00edculas nocivas al aire, como el di\u00f3xido de carbono, uno de los principales gases de efecto invernadero.<\/p>\n<p>Invertir en este sistema de intercambio de calor es demostrar que su hotel invierte en tecnolog\u00edas que promueven la conservaci\u00f3n y la sostenibilidad del medio ambiente.<\/p>\n<p>Adem\u00e1s del ahorro de energ\u00eda, el equipo de Fasterm ha sido dise\u00f1ado para ocupar poco espacio, para adaptarse al sistema existente y a las necesidades de cada hotel, incluso para grandes vol\u00famenes de agua, por lo que no es necesario realizar grandes obras para instalarlo.<\/p>\n<p>El sistema de calentamiento de agua para hoteles tambi\u00e9n puede utilizarse en paralelo con otros equipos, sirviendo como sistema principal o incluso de reserva.<\/p>\n<p>Incluso cuando su hotel utiliza el sistema de calefacci\u00f3n solar, Fasterm destaca y demuestra ser la mejor opci\u00f3n como sistema de respaldo, supliendo las necesidades del sistema principal en d\u00edas nublados o incluso durante la noche.<\/p>\n<p>Este tipo de sistema de calentamiento de agua para hoteles es muy com\u00fan en algunas partes de Europa, as\u00ed como en Estados Unidos y Canad\u00e1. Brasil se ha sumado a la tendencia de sustituir las duchas el\u00e9ctricas por calentadores de agua, mediante sistemas de calderas, centrales t\u00e9rmicas y, m\u00e1s recientemente, bombas de calor.<\/p>\n<p>Los sistemas de bomba de calor generan un gran ahorro a medio y largo plazo, por lo que contribuyen a aumentar el margen de beneficios de los hoteles.<\/p>\n<p>Descubra ahora cu\u00e1nto puede ahorrar su hotel.  <a href=\"https:\/\/www.fasterm.com.br\/simulador-de-economia\/\">Utilice nuestro simulador de ahorro.<\/a><\/p>\n<p>Aprovecha el ahorro generado para financiar la inversi\u00f3n.  <a href=\"https:\/\/www.fasterm.com.br\/fale-com-um-especialista\/\">Hable con un experto<\/a><\/p>\n<p>\u00bfQuiere entender mejor la soluci\u00f3n de calentamiento de agua de Fasterm?  <a href=\"https:\/\/materiais.fasterm.com.br\/conheca-a-tecnologia-que-esta-revolucionando-o-aquecimento-de-agua\">\u00a1Descargue nuestro Ebook!<\/a><\/p>\n<\/div><\/section>\n\n<\/div><\/div><\/div><!-- close content main div --><\/div><\/div>\n<style type=\"text\/css\" data-created_by=\"avia_inline_auto\" id=\"style-css-av-ahexsp-9745b1b0dd3825ddb577a4277b5e914f\">\n.avia-section.av-ahexsp-9745b1b0dd3825ddb577a4277b5e914f{\nbackground-repeat:no-repeat;\nbackground-image:url(https:\/\/fasterm.com.br\/wp-content\/uploads\/2021\/10\/sistema-de-aquecimento-de-agua-para-hoteis.jpg);\nbackground-position:50% 50%;\nbackground-attachment:scroll;\n}\n<\/style>\n<div id='av_section_3'  class='avia-section av-ahexsp-9745b1b0dd3825ddb577a4277b5e914f alternate_color avia-section-default avia-no-border-styling  avia-builder-el-4  el_after_av_section  el_before_av_section  sem-essa-mascara avia-bg-style-scroll av-minimum-height av-minimum-height-custom av-height-custom  container_wrap sidebar_right'  data-section-bg-repeat='no-repeat' data-av_minimum_height_px='500'><div class='container av-section-cont-open' style='height:500px'><div class='template-page content  av-content-small alpha units'><div class='post-entry post-entry-type-page post-entry-8075'><div class='entry-content-wrapper clearfix'>\n<\/div><\/div><\/div><!-- close content main div --><\/div><\/div>\n<style type=\"text\/css\" data-created_by=\"avia_inline_auto\" id=\"style-css-av-9cbdwp-16f8838b893998e45db81883cad11d35\">\n.avia-section.av-9cbdwp-16f8838b893998e45db81883cad11d35{\nbackground-color:#cb272d;\nbackground-image:unset;\n}\n<\/style>\n<div id='especialista-section'  class='avia-section av-9cbdwp-16f8838b893998e45db81883cad11d35 alternate_color avia-section-default avia-no-border-styling  avia-builder-el-5  el_after_av_section  avia-builder-el-last  paginas-aquecimento-banho avia-bg-style-scroll container_wrap sidebar_right'  ><div class='container av-section-cont-open' ><div class='template-page content  av-content-small alpha units'><div class='post-entry post-entry-type-page post-entry-8075'><div class='entry-content-wrapper clearfix'>\n<div class='flex_column_table av-6z5btl-6d41b6e32b2669d512d66e2874d52146 sc-av_three_fifth av-equal-height-column-flextable'>\n<style type=\"text\/css\" data-created_by=\"avia_inline_auto\" id=\"style-css-av-6z5btl-6d41b6e32b2669d512d66e2874d52146\">\n.flex_column.av-6z5btl-6d41b6e32b2669d512d66e2874d52146{\nborder-radius:0px 0px 0px 0px;\npadding:0px 0px 0px 0px;\n}\n<\/style>\n<div  class='flex_column av-6z5btl-6d41b6e32b2669d512d66e2874d52146 av_three_fifth  avia-builder-el-6  el_before_av_two_fifth  avia-builder-el-first  first flex_column_table_cell av-equal-height-column av-align-middle av-zero-column-padding  '     ><style type=\"text\/css\" data-created_by=\"avia_inline_auto\" id=\"style-css-av-av_heading-8d86d98691f1c617bfd7f3532a4ae9d6\">\n#top .av-special-heading.av-av_heading-8d86d98691f1c617bfd7f3532a4ae9d6{\npadding-bottom:10px;\n}\nbody .av-special-heading.av-av_heading-8d86d98691f1c617bfd7f3532a4ae9d6 .av-special-heading-tag .heading-char{\nfont-size:25px;\n}\n.av-special-heading.av-av_heading-8d86d98691f1c617bfd7f3532a4ae9d6 .av-subheading{\nfont-size:15px;\n}\n<\/style>\n<div  class='av-special-heading av-av_heading-8d86d98691f1c617bfd7f3532a4ae9d6 av-special-heading-h2  avia-builder-el-7  avia-builder-el-no-sibling '><h2 class='av-special-heading-tag '  itemprop=\"headline\"  >Solicite ahora un c\u00e1lculo de ahorro personalizado para su hotel, de forma gratuita.<\/h2><div class=\"special-heading-border\"><div class=\"special-heading-inner-border\"><\/div><\/div><\/div><\/div><div class='av-flex-placeholder'><\/div>\n<style type=\"text\/css\" data-created_by=\"avia_inline_auto\" id=\"style-css-av-459ui1-5e25f54db18142858a5610e55fb5efae\">\n.flex_column.av-459ui1-5e25f54db18142858a5610e55fb5efae{\nborder-radius:0px 0px 0px 0px;\npadding:0px 0px 0px 0px;\n}\n<\/style>\n<div  class='flex_column av-459ui1-5e25f54db18142858a5610e55fb5efae av_two_fifth  avia-builder-el-8  el_after_av_three_fifth  avia-builder-el-last  flex_column_table_cell av-equal-height-column av-align-middle av-zero-column-padding  '     ><div  class='avia-button-wrap av-av_button-4751d0378e7cf0ca7322c664748a3eda-wrap avia-button-right  avia-builder-el-9  avia-builder-el-no-sibling '><a href='https:\/\/materiais.fasterm.com.br\/orcamento'  class='avia-button av-av_button-4751d0378e7cf0ca7322c664748a3eda av-link-btn avia-icon_select-no avia-size-large avia-position-right avia-color-theme-color'  target=\"_blank\"  rel=\"noopener noreferrer\"  aria-label=\"Hable con un especialista\"><span class='avia_iconbox_title' >Hable con un especialista<\/span><\/a><\/div><\/div><\/div><!--close column table wrapper. Autoclose: 1 --><\/div><\/div><\/div><!-- close content main div --><\/div><\/div><div id='after_section_4'  class='main_color av_default_container_wrap container_wrap sidebar_right'  ><div class='container av-section-cont-open' ><div class='template-page content  av-content-small alpha units'><div class='post-entry post-entry-type-page post-entry-8075'><div class='entry-content-wrapper clearfix'>\n","protected":false},"excerpt":{"rendered":"","protected":false},"author":7,"featured_media":0,"parent":0,"menu_order":0,"comment_status":"closed","ping_status":"closed","template":"","meta":{"inline_featured_image":false,"footnotes":""},"class_list":["post-8075","page","type-page","status-publish","hentry"],"yoast_head":"<!-- This site is optimized with the Yoast SEO plugin v27.5 - https:\/\/yoast.com\/product\/yoast-seo-wordpress\/ -->\n<title>Sistema de calentamiento de agua para hoteles | Fasterm<\/title>\n<meta name=\"description\" content=\"\u00bfBusca un sistema de calentamiento de agua para hoteles? Conozca Fasterm y aprenda a ahorrar hasta un 75% en costes de calentamiento de agua.\" \/>\n<meta name=\"robots\" content=\"index, follow, max-snippet:-1, max-image-preview:large, max-video-preview:-1\" \/>\n<link rel=\"canonical\" href=\"https:\/\/fasterm.com.br\/es\/sistema-de-calefaccion-de-agua-para-hoteles\/\" \/>\n<meta property=\"og:locale\" content=\"es_ES\" \/>\n<meta property=\"og:type\" content=\"article\" \/>\n<meta property=\"og:title\" content=\"Sistema de calentamiento de agua para hoteles | Fasterm\" \/>\n<meta property=\"og:description\" content=\"\u00bfBusca un sistema de calentamiento de agua para hoteles? Conozca Fasterm y aprenda a ahorrar hasta un 75% en costes de calentamiento de agua.\" \/>\n<meta property=\"og:url\" content=\"https:\/\/fasterm.com.br\/es\/sistema-de-calefaccion-de-agua-para-hoteles\/\" \/>\n<meta property=\"og:site_name\" content=\"Fasterm\" \/>\n<meta property=\"article:modified_time\" content=\"2022-10-25T19:25:58+00:00\" \/>\n<meta name=\"twitter:card\" content=\"summary_large_image\" \/>\n<meta name=\"twitter:label1\" content=\"Tiempo de lectura\" \/>\n\t<meta name=\"twitter:data1\" content=\"6 minutos\" \/>\n<script type=\"application\/ld+json\" class=\"yoast-schema-graph\">{\"@context\":\"https:\\\/\\\/schema.org\",\"@graph\":[{\"@type\":\"WebPage\",\"@id\":\"https:\\\/\\\/fasterm.com.br\\\/es\\\/sistema-de-calefaccion-de-agua-para-hoteles\\\/\",\"url\":\"https:\\\/\\\/fasterm.com.br\\\/es\\\/sistema-de-calefaccion-de-agua-para-hoteles\\\/\",\"name\":\"Sistema de calentamiento de agua para hoteles | Fasterm\",\"isPartOf\":{\"@id\":\"https:\\\/\\\/fasterm.com.br\\\/es\\\/#website\"},\"datePublished\":\"2021-12-28T11:30:48+00:00\",\"dateModified\":\"2022-10-25T19:25:58+00:00\",\"description\":\"\u00bfBusca un sistema de calentamiento de agua para hoteles? Conozca Fasterm y aprenda a ahorrar hasta un 75% en costes de calentamiento de agua.\",\"breadcrumb\":{\"@id\":\"https:\\\/\\\/fasterm.com.br\\\/es\\\/sistema-de-calefaccion-de-agua-para-hoteles\\\/#breadcrumb\"},\"inLanguage\":\"es\",\"potentialAction\":[{\"@type\":\"ReadAction\",\"target\":[\"https:\\\/\\\/fasterm.com.br\\\/es\\\/sistema-de-calefaccion-de-agua-para-hoteles\\\/\"]}]},{\"@type\":\"BreadcrumbList\",\"@id\":\"https:\\\/\\\/fasterm.com.br\\\/es\\\/sistema-de-calefaccion-de-agua-para-hoteles\\\/#breadcrumb\",\"itemListElement\":[{\"@type\":\"ListItem\",\"position\":1,\"name\":\"Home\",\"item\":\"https:\\\/\\\/fasterm.com.br\\\/es\\\/home-es\\\/\"},{\"@type\":\"ListItem\",\"position\":2,\"name\":\"Sistema de calentamiento de agua para hoteles\"}]},{\"@type\":\"WebSite\",\"@id\":\"https:\\\/\\\/fasterm.com.br\\\/es\\\/#website\",\"url\":\"https:\\\/\\\/fasterm.com.br\\\/es\\\/\",\"name\":\"Fasterm\",\"description\":\"Sistema de Aquecimento de \u00e1gua\",\"potentialAction\":[{\"@type\":\"SearchAction\",\"target\":{\"@type\":\"EntryPoint\",\"urlTemplate\":\"https:\\\/\\\/fasterm.com.br\\\/es\\\/?s={search_term_string}\"},\"query-input\":{\"@type\":\"PropertyValueSpecification\",\"valueRequired\":true,\"valueName\":\"search_term_string\"}}],\"inLanguage\":\"es\"}]}<\/script>\n<!-- \/ Yoast SEO plugin. -->","yoast_head_json":{"title":"Sistema de calentamiento de agua para hoteles | Fasterm","description":"\u00bfBusca un sistema de calentamiento de agua para hoteles? Conozca Fasterm y aprenda a ahorrar hasta un 75% en costes de calentamiento de agua.","robots":{"index":"index","follow":"follow","max-snippet":"max-snippet:-1","max-image-preview":"max-image-preview:large","max-video-preview":"max-video-preview:-1"},"canonical":"https:\/\/fasterm.com.br\/es\/sistema-de-calefaccion-de-agua-para-hoteles\/","og_locale":"es_ES","og_type":"article","og_title":"Sistema de calentamiento de agua para hoteles | Fasterm","og_description":"\u00bfBusca un sistema de calentamiento de agua para hoteles? Conozca Fasterm y aprenda a ahorrar hasta un 75% en costes de calentamiento de agua.","og_url":"https:\/\/fasterm.com.br\/es\/sistema-de-calefaccion-de-agua-para-hoteles\/","og_site_name":"Fasterm","article_modified_time":"2022-10-25T19:25:58+00:00","twitter_card":"summary_large_image","twitter_misc":{"Tiempo de lectura":"6 minutos"},"schema":{"@context":"https:\/\/schema.org","@graph":[{"@type":"WebPage","@id":"https:\/\/fasterm.com.br\/es\/sistema-de-calefaccion-de-agua-para-hoteles\/","url":"https:\/\/fasterm.com.br\/es\/sistema-de-calefaccion-de-agua-para-hoteles\/","name":"Sistema de calentamiento de agua para hoteles | Fasterm","isPartOf":{"@id":"https:\/\/fasterm.com.br\/es\/#website"},"datePublished":"2021-12-28T11:30:48+00:00","dateModified":"2022-10-25T19:25:58+00:00","description":"\u00bfBusca un sistema de calentamiento de agua para hoteles? Conozca Fasterm y aprenda a ahorrar hasta un 75% en costes de calentamiento de agua.","breadcrumb":{"@id":"https:\/\/fasterm.com.br\/es\/sistema-de-calefaccion-de-agua-para-hoteles\/#breadcrumb"},"inLanguage":"es","potentialAction":[{"@type":"ReadAction","target":["https:\/\/fasterm.com.br\/es\/sistema-de-calefaccion-de-agua-para-hoteles\/"]}]},{"@type":"BreadcrumbList","@id":"https:\/\/fasterm.com.br\/es\/sistema-de-calefaccion-de-agua-para-hoteles\/#breadcrumb","itemListElement":[{"@type":"ListItem","position":1,"name":"Home","item":"https:\/\/fasterm.com.br\/es\/home-es\/"},{"@type":"ListItem","position":2,"name":"Sistema de calentamiento de agua para hoteles"}]},{"@type":"WebSite","@id":"https:\/\/fasterm.com.br\/es\/#website","url":"https:\/\/fasterm.com.br\/es\/","name":"Fasterm","description":"Sistema de Aquecimento de \u00e1gua","potentialAction":[{"@type":"SearchAction","target":{"@type":"EntryPoint","urlTemplate":"https:\/\/fasterm.com.br\/es\/?s={search_term_string}"},"query-input":{"@type":"PropertyValueSpecification","valueRequired":true,"valueName":"search_term_string"}}],"inLanguage":"es"}]}},"_links":{"self":[{"href":"https:\/\/fasterm.com.br\/es\/wp-json\/wp\/v2\/pages\/8075","targetHints":{"allow":["GET"]}}],"collection":[{"href":"https:\/\/fasterm.com.br\/es\/wp-json\/wp\/v2\/pages"}],"about":[{"href":"https:\/\/fasterm.com.br\/es\/wp-json\/wp\/v2\/types\/page"}],"author":[{"embeddable":true,"href":"https:\/\/fasterm.com.br\/es\/wp-json\/wp\/v2\/users\/7"}],"replies":[{"embeddable":true,"href":"https:\/\/fasterm.com.br\/es\/wp-json\/wp\/v2\/comments?post=8075"}],"version-history":[{"count":2,"href":"https:\/\/fasterm.com.br\/es\/wp-json\/wp\/v2\/pages\/8075\/revisions"}],"predecessor-version":[{"id":8077,"href":"https:\/\/fasterm.com.br\/es\/wp-json\/wp\/v2\/pages\/8075\/revisions\/8077"}],"wp:attachment":[{"href":"https:\/\/fasterm.com.br\/es\/wp-json\/wp\/v2\/media?parent=8075"}],"curies":[{"name":"wp","href":"https:\/\/api.w.org\/{rel}","templated":true}]}}